{"id":901,"date":"2024-02-28T08:53:04","date_gmt":"2024-02-28T08:53:04","guid":{"rendered":"http:\/\/finance.bold-themes.com\/main-demo\/?page_id=901"},"modified":"2024-04-07T15:50:09","modified_gmt":"2024-04-07T15:50:09","slug":"programas-y-talleres","status":"publish","type":"page","link":"https:\/\/arraigofoundation.org\/en\/programas-y-talleres\/","title":{"rendered":"Programs &amp; Workshops"},"content":{"rendered":"<section id=\"bt_section69ea1bc0277b1\"  class=\"boldSection topSemiSpaced bottomSpaced gutter inherit\" ><div class=\"port\"><div class=\"boldCell\"><div class=\"boldCellInner\"><div class=\"boldRow\" ><div class=\"boldRowInner\"><div class=\"rowItem col-md-12 col-ms-12  btTextCenter inherit\"  data-width=\"12\"><div class=\"rowItemContent\" ><div class=\"btGridContainer classic btGridGap-10\" ><div class=\"tilesWall btAjaxGrid classic\" data-num=\"4\" data-tiles-title=\"no\" data-grid-type=\"classic\" data-post-type=\"portfolio\" data-col=\"3\" data-cat-slug=\"\" data-scroll-loading=\"yes\" data-format=\"\" data-related=\"\" data-sticky=\"no\"><div class=\"gridSizer\"><\/div><\/div><div class=\"btLoader btLoaderGrid\"><\/div><div class=\"btNoMore btTextCenter topSmallSpaced bottomSmallSpaced\">No more posts<\/div><\/div><\/div><\/div><\/div><\/div><\/div><\/div><\/div><\/section>","protected":false},"excerpt":{"rendered":"<p>Through the creation of multimedia content and workshops that provide training, discernment, and dissemination of literary and gastronomic ideas inherent to the cultural heritage of the 21 countries where Spanish is the official language.<\/p>","protected":false},"author":1,"featured_media":4080,"parent":0,"menu_order":0,"comment_status":"closed","ping_status":"closed","template":"","meta":{"footnotes":""},"class_list":["post-901","page","type-page","status-publish","has-post-thumbnail","hentry"],"yoast_head":"<!-- This site is optimized with the Yoast SEO plugin v27.2 - https:\/\/yoast.com\/product\/yoast-seo-wordpress\/ -->\n<title>Programas y Talleres - Arraigo Group Foundation<\/title>\n<meta name=\"robots\" content=\"index, follow, max-snippet:-1, max-image-preview:large, max-video-preview:-1\" \/>\n<link rel=\"canonical\" href=\"https:\/\/arraigofoundation.org\/en\/programas-y-talleres\/\" \/>\n<meta property=\"og:locale\" content=\"en_US\" \/>\n<meta property=\"og:type\" content=\"article\" \/>\n<meta property=\"og:title\" content=\"Programas y Talleres - Arraigo Group Foundation\" \/>\n<meta property=\"og:description\" content=\"Mediante la creaci\u00f3n de contenidos multimedia y talleres que brindan capacitaci\u00f3n, criterio y difusi\u00f3n de las ideas literarias y gastron\u00f3micas propias del acervo cultural de los 21 pa\u00edses donde el espa\u00f1ol es el idioma oficial.\" \/>\n<meta property=\"og:url\" content=\"https:\/\/arraigofoundation.org\/en\/programas-y-talleres\/\" \/>\n<meta property=\"og:site_name\" content=\"Arraigo Group Foundation\" \/>\n<meta property=\"article:modified_time\" content=\"2024-04-07T15:50:09+00:00\" \/>\n<meta property=\"og:image\" content=\"https:\/\/arraigofoundation.org\/wp-content\/uploads\/2024\/04\/2.png\" \/>\n\t<meta property=\"og:image:width\" content=\"1600\" \/>\n\t<meta property=\"og:image:height\" content=\"800\" \/>\n\t<meta property=\"og:image:type\" content=\"image\/png\" \/>\n<meta name=\"twitter:card\" content=\"summary_large_image\" \/>\n<meta name=\"twitter:label1\" content=\"Est. reading time\" \/>\n\t<meta name=\"twitter:data1\" content=\"1 minute\" \/>\n<script type=\"application\/ld+json\" class=\"yoast-schema-graph\">{\"@context\":\"https:\/\/schema.org\",\"@graph\":[{\"@type\":\"WebPage\",\"@id\":\"https:\/\/arraigofoundation.org\/programas-y-talleres\/\",\"url\":\"https:\/\/arraigofoundation.org\/programas-y-talleres\/\",\"name\":\"Programas y Talleres - Arraigo Group Foundation\",\"isPartOf\":{\"@id\":\"https:\/\/arraigofoundation.org\/#website\"},\"primaryImageOfPage\":{\"@id\":\"https:\/\/arraigofoundation.org\/programas-y-talleres\/#primaryimage\"},\"image\":{\"@id\":\"https:\/\/arraigofoundation.org\/programas-y-talleres\/#primaryimage\"},\"thumbnailUrl\":\"https:\/\/arraigofoundation.org\/wp-content\/uploads\/2024\/04\/2.png\",\"datePublished\":\"2024-02-28T08:53:04+00:00\",\"dateModified\":\"2024-04-07T15:50:09+00:00\",\"breadcrumb\":{\"@id\":\"https:\/\/arraigofoundation.org\/programas-y-talleres\/#breadcrumb\"},\"inLanguage\":\"en-US\",\"potentialAction\":[{\"@type\":\"ReadAction\",\"target\":[\"https:\/\/arraigofoundation.org\/programas-y-talleres\/\"]}]},{\"@type\":\"ImageObject\",\"inLanguage\":\"en-US\",\"@id\":\"https:\/\/arraigofoundation.org\/programas-y-talleres\/#primaryimage\",\"url\":\"https:\/\/arraigofoundation.org\/wp-content\/uploads\/2024\/04\/2.png\",\"contentUrl\":\"https:\/\/arraigofoundation.org\/wp-content\/uploads\/2024\/04\/2.png\",\"width\":1600,\"height\":800},{\"@type\":\"BreadcrumbList\",\"@id\":\"https:\/\/arraigofoundation.org\/programas-y-talleres\/#breadcrumb\",\"itemListElement\":[{\"@type\":\"ListItem\",\"position\":1,\"name\":\"Home\",\"item\":\"https:\/\/arraigofoundation.org\/\"},{\"@type\":\"ListItem\",\"position\":2,\"name\":\"Programas y Talleres\"}]},{\"@type\":\"WebSite\",\"@id\":\"https:\/\/arraigofoundation.org\/#website\",\"url\":\"https:\/\/arraigofoundation.org\/\",\"name\":\"Arraigo Group Foundation\",\"description\":\"\",\"potentialAction\":[{\"@type\":\"SearchAction\",\"target\":{\"@type\":\"EntryPoint\",\"urlTemplate\":\"https:\/\/arraigofoundation.org\/?s={search_term_string}\"},\"query-input\":{\"@type\":\"PropertyValueSpecification\",\"valueRequired\":true,\"valueName\":\"search_term_string\"}}],\"inLanguage\":\"en-US\"}]}<\/script>\n<!-- \/ Yoast SEO plugin. -->","yoast_head_json":{"title":"Programas y Talleres - Arraigo Group Foundation","robots":{"index":"index","follow":"follow","max-snippet":"max-snippet:-1","max-image-preview":"max-image-preview:large","max-video-preview":"max-video-preview:-1"},"canonical":"https:\/\/arraigofoundation.org\/en\/programas-y-talleres\/","og_locale":"en_US","og_type":"article","og_title":"Programas y Talleres - Arraigo Group Foundation","og_description":"Mediante la creaci\u00f3n de contenidos multimedia y talleres que brindan capacitaci\u00f3n, criterio y difusi\u00f3n de las ideas literarias y gastron\u00f3micas propias del acervo cultural de los 21 pa\u00edses donde el espa\u00f1ol es el idioma oficial.","og_url":"https:\/\/arraigofoundation.org\/en\/programas-y-talleres\/","og_site_name":"Arraigo Group Foundation","article_modified_time":"2024-04-07T15:50:09+00:00","og_image":[{"width":1600,"height":800,"url":"https:\/\/arraigofoundation.org\/wp-content\/uploads\/2024\/04\/2.png","type":"image\/png"}],"twitter_card":"summary_large_image","twitter_misc":{"Est. reading time":"1 minute"},"schema":{"@context":"https:\/\/schema.org","@graph":[{"@type":"WebPage","@id":"https:\/\/arraigofoundation.org\/programas-y-talleres\/","url":"https:\/\/arraigofoundation.org\/programas-y-talleres\/","name":"Programas y Talleres - Arraigo Group Foundation","isPartOf":{"@id":"https:\/\/arraigofoundation.org\/#website"},"primaryImageOfPage":{"@id":"https:\/\/arraigofoundation.org\/programas-y-talleres\/#primaryimage"},"image":{"@id":"https:\/\/arraigofoundation.org\/programas-y-talleres\/#primaryimage"},"thumbnailUrl":"https:\/\/arraigofoundation.org\/wp-content\/uploads\/2024\/04\/2.png","datePublished":"2024-02-28T08:53:04+00:00","dateModified":"2024-04-07T15:50:09+00:00","breadcrumb":{"@id":"https:\/\/arraigofoundation.org\/programas-y-talleres\/#breadcrumb"},"inLanguage":"en-US","potentialAction":[{"@type":"ReadAction","target":["https:\/\/arraigofoundation.org\/programas-y-talleres\/"]}]},{"@type":"ImageObject","inLanguage":"en-US","@id":"https:\/\/arraigofoundation.org\/programas-y-talleres\/#primaryimage","url":"https:\/\/arraigofoundation.org\/wp-content\/uploads\/2024\/04\/2.png","contentUrl":"https:\/\/arraigofoundation.org\/wp-content\/uploads\/2024\/04\/2.png","width":1600,"height":800},{"@type":"BreadcrumbList","@id":"https:\/\/arraigofoundation.org\/programas-y-talleres\/#breadcrumb","itemListElement":[{"@type":"ListItem","position":1,"name":"Home","item":"https:\/\/arraigofoundation.org\/"},{"@type":"ListItem","position":2,"name":"Programas y Talleres"}]},{"@type":"WebSite","@id":"https:\/\/arraigofoundation.org\/#website","url":"https:\/\/arraigofoundation.org\/","name":"Arraigo Group Foundation","description":"","potentialAction":[{"@type":"SearchAction","target":{"@type":"EntryPoint","urlTemplate":"https:\/\/arraigofoundation.org\/?s={search_term_string}"},"query-input":{"@type":"PropertyValueSpecification","valueRequired":true,"valueName":"search_term_string"}}],"inLanguage":"en-US"}]}},"jetpack_sharing_enabled":true,"_links":{"self":[{"href":"https:\/\/arraigofoundation.org\/en\/wp-json\/wp\/v2\/pages\/901","targetHints":{"allow":["GET"]}}],"collection":[{"href":"https:\/\/arraigofoundation.org\/en\/wp-json\/wp\/v2\/pages"}],"about":[{"href":"https:\/\/arraigofoundation.org\/en\/wp-json\/wp\/v2\/types\/page"}],"author":[{"embeddable":true,"href":"https:\/\/arraigofoundation.org\/en\/wp-json\/wp\/v2\/users\/1"}],"replies":[{"embeddable":true,"href":"https:\/\/arraigofoundation.org\/en\/wp-json\/wp\/v2\/comments?post=901"}],"version-history":[{"count":0,"href":"https:\/\/arraigofoundation.org\/en\/wp-json\/wp\/v2\/pages\/901\/revisions"}],"wp:featuredmedia":[{"embeddable":true,"href":"https:\/\/arraigofoundation.org\/en\/wp-json\/wp\/v2\/media\/4080"}],"wp:attachment":[{"href":"https:\/\/arraigofoundation.org\/en\/wp-json\/wp\/v2\/media?parent=901"}],"curies":[{"name":"wp","href":"https:\/\/api.w.org\/{rel}","templated":true}]}}