{"id":4034,"date":"2024-03-14T14:59:23","date_gmt":"2024-03-14T14:59:23","guid":{"rendered":"https:\/\/arraigofoundation.org\/?page_id=4034"},"modified":"2024-07-19T15:15:20","modified_gmt":"2024-07-19T15:15:20","slug":"donacion","status":"publish","type":"page","link":"https:\/\/arraigofoundation.org\/en\/donacion\/","title":{"rendered":"Donation"},"content":{"rendered":"<section id=\"bt_section69ea1cec42600\"  class=\"boldSection topSmallSpaced bottomSpaced gutter inherit\" ><div class=\"port\"><div class=\"boldCell\"><div class=\"boldCellInner\"><div class=\"boldRow\" ><div class=\"boldRowInner\"><div class=\"rowItem col-md-12 col-ms-12  btTextLeft animate animate-fadein inherit\"  data-width=\"12\"><div class=\"rowItemContent\" ><header class=\"header btClear large centered-text btHeaderAccent4\" ><div class=\"dash\"><h2><span class=\"headline\">How much would you like to donate? <\/span><\/h2><\/div><\/header><div class=\"btText\" ><\/p>\n<table class=\"wp-list-table widefat fixed striped table-view-list forms aligncenter\">\n<tbody id=\"the-list\" data-wp-lists=\"list:form\">\n<tr>\n<td class=\"shortcode column-shortcode\" style=\"text-align: left;\" data-colname=\"Shortcode\">\n<style id=\"wpforms-css-vars-4155\">\n\t\t\t\t#wpforms-4155 {<\/p>\n<p>\t\t\t}\n\t\t\t<\/style>\n<div class=\"wpforms-container wpforms-container-full wpforms-stripe wpforms-render-modern\" id=\"wpforms-4155\">\n<form id=\"wpforms-form-4155\" class=\"wpforms-validate wpforms-form wpforms-ajax-form\" data-formid=\"4155\" method=\"post\" enctype=\"multipart\/form-data\" action=\"\/en\/wp-json\/wp\/v2\/pages\/4034\" data-token=\"711eed89f874c038744b6f49c946d166\" data-token-time=\"1776950508\" data-trp-original-action=\"\/en\/wp-json\/wp\/v2\/pages\/4034\"><noscript class=\"wpforms-error-noscript\">Please enable JavaScript in your browser to complete this form.<\/noscript><\/p>\n<div id=\"wpforms-error-noscript\" style=\"display: none;\">Please enable JavaScript in your browser to complete this form.<\/div>\n<div class=\"wpforms-field-container\">\n<div id=\"wpforms-4155-field_1-container\" class=\"wpforms-field wpforms-field-name\" data-field-id=\"1\"><label class=\"wpforms-field-label\" for=\"wpforms-4155-field_1\">Full Name: <span class=\"wpforms-required-label\" aria-hidden=\"true\">*<\/span><\/label><input type=\"text\" id=\"wpforms-4155-field_1\" class=\"wpforms-field-small wpforms-field-required\" name=\"wpforms[fields][1]\" aria-errormessage=\"wpforms-4155-field_1-error\" required><\/div>\n<div id=\"wpforms-4155-field_2-container\" class=\"wpforms-field wpforms-field-email\" data-field-id=\"2\"><label class=\"wpforms-field-label\" for=\"wpforms-4155-field_2\">Email: <span class=\"wpforms-required-label\" aria-hidden=\"true\">*<\/span><\/label><input type=\"email\" id=\"wpforms-4155-field_2\" class=\"wpforms-field-small wpforms-field-required\" name=\"wpforms[fields][2]\" spellcheck=\"false\" aria-errormessage=\"wpforms-4155-field_2-error\" required><\/div>\n<div id=\"wpforms-4155-field_3-container\" class=\"wpforms-field wpforms-field-payment-single\" data-field-id=\"3\"><label class=\"wpforms-field-label\" for=\"wpforms-4155-field_3\">Donation Amount: <span class=\"wpforms-required-label\" aria-hidden=\"true\">*<\/span><\/label><input type=\"text\" id=\"wpforms-4155-field_3\" class=\"wpforms-field-small wpforms-field-required wpforms-payment-user-input wpforms-payment-price\" data-rule-currency=\"[&quot;$&quot;,false]\" data-rule-required-minimum-price=\"5.00\" data-rule-required-positive-number=\"1\" name=\"wpforms[fields][3]\" value=\"&#036;0.00\" aria-errormessage=\"wpforms-4155-field_3-error\"><\/p>\n<div class=\"wpforms-field-description\">Minimum Price: &#036;5.00<\/div>\n<\/div>\n<div id=\"wpforms-4155-field_4-container\" class=\"wpforms-field wpforms-field-textarea\" data-field-id=\"4\"><label class=\"wpforms-field-label\" for=\"wpforms-4155-field_4\">Do you have any message for us? <span class=\"wpforms-required-label\" aria-hidden=\"true\">*<\/span><\/label><textarea id=\"wpforms-4155-field_4\" class=\"wpforms-field-small wpforms-field-required wpforms-limit-characters-enabled\" data-form-id=\"4155\" data-field-id=\"4\" data-text-limit=\"300\" name=\"wpforms[fields][4]\" aria-errormessage=\"wpforms-4155-field_4-error\" maxlength=\"300\" required><\/textarea><\/div>\n<div id=\"wpforms-4155-field_6-container\" class=\"wpforms-field wpforms-field-checkbox wpforms-list-inline\" data-field-id=\"6\">\n<fieldset>\n<legend class=\"wpforms-field-label\">I want this donation to be:<\/legend>\n<ul id=\"wpforms-4155-field_6\" class=\"wpforms-icon-choices wpforms-icon-choices-default wpforms-icon-choices-large\" style=\"--wpforms-icon-choices-color: #066aab;\">\n<li class=\"choice-1 depth-1 wpforms-icon-choices-item\"><label class=\"wpforms-field-label-inline\" for=\"wpforms-4155-field_6_1\"><br \/>\n\t\t\t\t<span class=\"wpforms-icon-choices-icon\"><br \/>\n\t\t\t\t\t<svg xmlns=\"http:\/\/www.w3.org\/2000\/svg\" width=\"80\" height=\"64px\" viewbox=\"0 0 448 512\"><!--! Font Awesome Free 6.4.0 by @fontawesome - https:\/\/fontawesome.com License - https:\/\/fontawesome.com\/license\/free (Icons: CC BY 4.0, Fonts: SIL OFL 1.1, Code: MIT License) Copyright 2023 Fonticons, Inc. --><path d=\"M128 0c17.7 0 32 14.3 32 32V64H288V32c0-17.7 14.3-32 32-32s32 14.3 32 32V64h48c26.5 0 48 21.5 48 48v48H0V112C0 85.5 21.5 64 48 64H96V32c0-17.7 14.3-32 32-32zM0 192H448V464c0 26.5-21.5 48-48 48H48c-26.5 0-48-21.5-48-48V192zm80 64c-8.8 0-16 7.2-16 16v96c0 8.8 7.2 16 16 16h96c8.8 0 16-7.2 16-16V272c0-8.8-7.2-16-16-16H80z\"\/><\/svg><br \/>\n\t\t\t\t\t<span class=\"wpforms-icon-choices-icon-bg\"><\/span><br \/>\n\t\t\t\t<\/span><br \/>\n\t\t\t\t<input type=\"checkbox\" id=\"wpforms-4155-field_6_1\" class=\"wpforms-screen-reader-element\" name=\"wpforms[fields][6][]\" value=\"Diaria\" aria-errormessage=\"wpforms-4155-field_6_1-error\"  ><br \/>\n\t\t\t\t<span class=\"wpforms-icon-choices-label\">Daily<\/span><br \/>\n\t\t\t<\/label><\/li>\n<li class=\"choice-2 depth-1 wpforms-icon-choices-item\"><label class=\"wpforms-field-label-inline\" for=\"wpforms-4155-field_6_2\"><br \/>\n\t\t\t\t<span class=\"wpforms-icon-choices-icon\"><br \/>\n\t\t\t\t\t<svg xmlns=\"http:\/\/www.w3.org\/2000\/svg\" width=\"80\" height=\"64px\" viewbox=\"0 0 448 512\"><!--! Font Awesome Free 6.4.0 by @fontawesome - https:\/\/fontawesome.com License - https:\/\/fontawesome.com\/license\/free (Icons: CC BY 4.0, Fonts: SIL OFL 1.1, Code: MIT License) Copyright 2023 Fonticons, Inc. --><path d=\"M128 0c17.7 0 32 14.3 32 32V64H288V32c0-17.7 14.3-32 32-32s32 14.3 32 32V64h48c26.5 0 48 21.5 48 48v48H0V112C0 85.5 21.5 64 48 64H96V32c0-17.7 14.3-32 32-32zM0 192H448V464c0 26.5-21.5 48-48 48H48c-26.5 0-48-21.5-48-48V192zm80 64c-8.8 0-16 7.2-16 16v64c0 8.8 7.2 16 16 16H368c8.8 0 16-7.2 16-16V272c0-8.8-7.2-16-16-16H80z\"\/><\/svg><br \/>\n\t\t\t\t\t<span class=\"wpforms-icon-choices-icon-bg\"><\/span><br \/>\n\t\t\t\t<\/span><br \/>\n\t\t\t\t<input type=\"checkbox\" id=\"wpforms-4155-field_6_2\" class=\"wpforms-screen-reader-element\" name=\"wpforms[fields][6][]\" value=\"Semanal\" aria-errormessage=\"wpforms-4155-field_6_2-error\"  ><br \/>\n\t\t\t\t<span class=\"wpforms-icon-choices-label\">Weekly<\/span><br \/>\n\t\t\t<\/label><\/li>\n<li class=\"choice-3 depth-1 wpforms-icon-choices-item\"><label class=\"wpforms-field-label-inline\" for=\"wpforms-4155-field_6_3\"><br \/>\n\t\t\t\t<span class=\"wpforms-icon-choices-icon\"><br \/>\n\t\t\t\t\t<svg xmlns=\"http:\/\/www.w3.org\/2000\/svg\" width=\"80\" height=\"64px\" viewbox=\"0 0 448 512\"><!--! Font Awesome Free 6.4.0 by @fontawesome - https:\/\/fontawesome.com License - https:\/\/fontawesome.com\/license\/free (Icons: CC BY 4.0, Fonts: SIL OFL 1.1, Code: MIT License) Copyright 2023 Fonticons, Inc. --><path d=\"M128 0c17.7 0 32 14.3 32 32V64H288V32c0-17.7 14.3-32 32-32s32 14.3 32 32V64h48c26.5 0 48 21.5 48 48v48H0V112C0 85.5 21.5 64 48 64H96V32c0-17.7 14.3-32 32-32zM0 192H448V464c0 26.5-21.5 48-48 48H48c-26.5 0-48-21.5-48-48V192zm64 80v32c0 8.8 7.2 16 16 16h32c8.8 0 16-7.2 16-16V272c0-8.8-7.2-16-16-16H80c-8.8 0-16 7.2-16 16zm128 0v32c0 8.8 7.2 16 16 16h32c8.8 0 16-7.2 16-16V272c0-8.8-7.2-16-16-16H208c-8.8 0-16 7.2-16 16zm144-16c-8.8 0-16 7.2-16 16v32c0 8.8 7.2 16 16 16h32c8.8 0 16-7.2 16-16V272c0-8.8-7.2-16-16-16H336zM64 400v32c0 8.8 7.2 16 16 16h32c8.8 0 16-7.2 16-16V400c0-8.8-7.2-16-16-16H80c-8.8 0-16 7.2-16 16zm144-16c-8.8 0-16 7.2-16 16v32c0 8.8 7.2 16 16 16h32c8.8 0 16-7.2 16-16V400c0-8.8-7.2-16-16-16H208zm112 16v32c0 8.8 7.2 16 16 16h32c8.8 0 16-7.2 16-16V400c0-8.8-7.2-16-16-16H336c-8.8 0-16 7.2-16 16z\"\/><\/svg><br \/>\n\t\t\t\t\t<span class=\"wpforms-icon-choices-icon-bg\"><\/span><br \/>\n\t\t\t\t<\/span><br \/>\n\t\t\t\t<input type=\"checkbox\" id=\"wpforms-4155-field_6_3\" class=\"wpforms-screen-reader-element\" name=\"wpforms[fields][6][]\" value=\"Mensual\" aria-errormessage=\"wpforms-4155-field_6_3-error\"  ><br \/>\n\t\t\t\t<span class=\"wpforms-icon-choices-label\">Monthly<\/span><br \/>\n\t\t\t<\/label><\/li>\n<li class=\"choice-4 depth-1 wpforms-icon-choices-item\"><label class=\"wpforms-field-label-inline\" for=\"wpforms-4155-field_6_4\"><br \/>\n\t\t\t\t<span class=\"wpforms-icon-choices-icon\"><br \/>\n\t\t\t\t\t<svg xmlns=\"http:\/\/www.w3.org\/2000\/svg\" width=\"80\" height=\"64px\" viewbox=\"0 0 448 512\"><!--! Font Awesome Free 6.4.0 by @fontawesome - https:\/\/fontawesome.com License - https:\/\/fontawesome.com\/license\/free (Icons: CC BY 4.0, Fonts: SIL OFL 1.1, Code: MIT License) Copyright 2023 Fonticons, Inc. --><path d=\"M152 24c0-13.3-10.7-24-24-24s-24 10.7-24 24V64H64C28.7 64 0 92.7 0 128v16 48V448c0 35.3 28.7 64 64 64H384c35.3 0 64-28.7 64-64V192 144 128c0-35.3-28.7-64-64-64H344V24c0-13.3-10.7-24-24-24s-24 10.7-24 24V64H152V24zM48 192H400V448c0 8.8-7.2 16-16 16H64c-8.8 0-16-7.2-16-16V192z\"\/><\/svg><br \/>\n\t\t\t\t\t<span class=\"wpforms-icon-choices-icon-bg\"><\/span><br \/>\n\t\t\t\t<\/span><br \/>\n\t\t\t\t<input type=\"checkbox\" id=\"wpforms-4155-field_6_4\" class=\"wpforms-screen-reader-element\" name=\"wpforms[fields][6][]\" value=\"Anual\" aria-errormessage=\"wpforms-4155-field_6_4-error\"  ><br \/>\n\t\t\t\t<span class=\"wpforms-icon-choices-label\">Annual<\/span><br \/>\n\t\t\t<\/label><\/li>\n<li class=\"choice-5 depth-1 wpforms-icon-choices-item\"><label class=\"wpforms-field-label-inline\" for=\"wpforms-4155-field_6_5\"><br \/>\n\t\t\t\t<span class=\"wpforms-icon-choices-icon\"><br \/>\n\t\t\t\t\t<svg xmlns=\"http:\/\/www.w3.org\/2000\/svg\" width=\"80\" height=\"64px\" viewbox=\"0 0 576 512\"><!--! Font Awesome Free 6.4.0 by @fontawesome - https:\/\/fontawesome.com License - https:\/\/fontawesome.com\/license\/free (Icons: CC BY 4.0, Fonts: SIL OFL 1.1, Code: MIT License) Copyright 2023 Fonticons, Inc. --><path d=\"M112 112c0 35.3-28.7 64-64 64V336c35.3 0 64 28.7 64 64H464c0-35.3 28.7-64 64-64V176c-35.3 0-64-28.7-64-64H112zM0 128C0 92.7 28.7 64 64 64H512c35.3 0 64 28.7 64 64V384c0 35.3-28.7 64-64 64H64c-35.3 0-64-28.7-64-64V128zM176 256a112 112 0 1 1 224 0 112 112 0 1 1 -224 0zm80-48c0 8.8 7.2 16 16 16v64h-8c-8.8 0-16 7.2-16 16s7.2 16 16 16h24 24c8.8 0 16-7.2 16-16s-7.2-16-16-16h-8V208c0-8.8-7.2-16-16-16H272c-8.8 0-16 7.2-16 16z\"\/><\/svg><br \/>\n\t\t\t\t\t<span class=\"wpforms-icon-choices-icon-bg\"><\/span><br \/>\n\t\t\t\t<\/span><br \/>\n\t\t\t\t<input type=\"checkbox\" id=\"wpforms-4155-field_6_5\" class=\"wpforms-screen-reader-element\" name=\"wpforms[fields][6][]\" value=\"Solo esta vez\" aria-errormessage=\"wpforms-4155-field_6_5-error\"  ><br \/>\n\t\t\t\t<span class=\"wpforms-icon-choices-label\">One Time<\/span><br \/>\n\t\t\t<\/label><\/li>\n<\/ul>\n<\/fieldset>\n<\/div>\n<div id=\"wpforms-4155-field_5-container\" class=\"wpforms-field wpforms-field-stripe-credit-card\" data-field-id=\"5\"><label class=\"wpforms-field-label\">Credit or Debit Card Information <span class=\"wpforms-required-label\" aria-hidden=\"true\">*<\/span><\/label><\/p>\n<div class=\"wpforms-field-row wpforms-no-columns wpforms-field-small\" data-sublabel-position=\"floating\" data-link-email=\"\" data-required=\"1\">\n<div id=\"wpforms-field-stripe-link-element-4155\"><\/div>\n<div id=\"wpforms-field-stripe-payment-element-4155\"><\/div>\n<p><input type=\"text\" class=\"wpforms-stripe-credit-card-hidden-input\" name=\"wpforms[stripe-credit-card-hidden-input-4155]\" disabled style=\"display: none;\"><\/div>\n<\/div>\n<\/div>\n<p><!-- .wpforms-field-container --><\/p>\n<div class=\"wpforms-submit-container\" ><input type=\"hidden\" name=\"wpforms[id]\" value=\"4155\"><input type=\"hidden\" name=\"page_title\" value=\"\"><input type=\"hidden\" name=\"page_url\" value=\"https:\/\/arraigofoundation.org\/en\/wp-json\/wp\/v2\/pages\/4034\"><input type=\"hidden\" name=\"url_referer\" value=\"\"><button type=\"submit\" name=\"wpforms[submit]\" id=\"wpforms-submit-4155\" class=\"wpforms-submit\" data-alt-text=\"Enviando...\" data-submit-text=\"Enviar\" aria-live=\"assertive\" value=\"wpforms-submit\">Send<\/button><img loading=\"lazy\" decoding=\"async\" src=\"https:\/\/arraigofoundation.org\/wp-content\/plugins\/wpforms-lite\/assets\/images\/submit-spin.svg\" class=\"wpforms-submit-spinner\" style=\"display: none;\" width=\"26\" height=\"26\" alt=\"Loading\"><\/div>\n<input type=\"hidden\" name=\"trp-form-language\" value=\"en\"\/><\/form>\n<\/div>\n<p>  <!-- .wpforms-container --><\/td>\n<\/tr>\n<\/tbody>\n<\/table>\n<p style=\"text-align: center;\">Thank you for your donation to Fundaci\u00f3n Arraigo! As a 501(c)(3) organization, your contributions are tax-deductible. If you wish, you can request an official receipt for your tax return. <strong>We ensure that your donation goes directly to supporting our cause. Thank you for your generosity!<\/strong><\/p>\n<p style=\"text-align: center;\" class=\"translation-block\">If you are interested in donating in another way, please contact us through our <strong><a href=\"\/en\/contact\/\" target=\"_self\">contact form<\/a><\/strong>. Thank you!<\/p>\n<p>\n<\/div><\/div><\/div><\/div><\/div><div class=\"boldRow\" style=\"z-index: 2; position: relative;\"><div class=\"boldRowInner\"><\/div><\/div><\/div><\/div><\/div><\/section>","protected":false},"excerpt":{"rendered":"<p>The Arraigo Foundation is dedicated to strengthening communities through social development programs. Join us in our commitment to making a positive impact by donating today. Your contribution makes a difference in the lives of those who need it most! Visit our donation page and be part of the change.<\/p>","protected":false},"author":1,"featured_media":4080,"parent":0,"menu_order":0,"comment_status":"closed","ping_status":"closed","template":"","meta":{"footnotes":""},"class_list":["post-4034","page","type-page","status-publish","has-post-thumbnail","hentry"],"yoast_head":"<!-- This site is optimized with the Yoast SEO plugin v27.2 - https:\/\/yoast.com\/product\/yoast-seo-wordpress\/ -->\n<title>Donacion - Arraigo Group Foundation<\/title>\n<meta name=\"robots\" content=\"index, follow, max-snippet:-1, max-image-preview:large, max-video-preview:-1\" \/>\n<link rel=\"canonical\" href=\"https:\/\/arraigofoundation.org\/en\/donacion\/\" \/>\n<meta property=\"og:locale\" content=\"en_US\" \/>\n<meta property=\"og:type\" content=\"article\" \/>\n<meta property=\"og:title\" content=\"Donacion - Arraigo Group Foundation\" \/>\n<meta property=\"og:description\" content=\"La Fundaci\u00f3n Arraigo se dedica a fortalecer comunidades a trav\u00e9s de programas de desarrollo social. \u00danete a nosotros en nuestro compromiso por generar un impacto positivo donando hoy mismo. \u00a1Tu contribuci\u00f3n marca la diferencia en la vida de quienes m\u00e1s lo necesitan! Visita nuestra p\u00e1gina de donaciones y s\u00e9 parte del cambio.\" \/>\n<meta property=\"og:url\" content=\"https:\/\/arraigofoundation.org\/en\/donacion\/\" \/>\n<meta property=\"og:site_name\" content=\"Arraigo Group Foundation\" \/>\n<meta property=\"article:modified_time\" content=\"2024-07-19T15:15:20+00:00\" \/>\n<meta property=\"og:image\" content=\"https:\/\/arraigofoundation.org\/wp-content\/uploads\/2024\/04\/2.png\" \/>\n\t<meta property=\"og:image:width\" content=\"1600\" \/>\n\t<meta property=\"og:image:height\" content=\"800\" \/>\n\t<meta property=\"og:image:type\" content=\"image\/png\" \/>\n<meta name=\"twitter:card\" content=\"summary_large_image\" \/>\n<meta name=\"twitter:label1\" content=\"Est. reading time\" \/>\n\t<meta name=\"twitter:data1\" content=\"1 minute\" \/>\n<script type=\"application\/ld+json\" class=\"yoast-schema-graph\">{\"@context\":\"https:\/\/schema.org\",\"@graph\":[{\"@type\":\"WebPage\",\"@id\":\"https:\/\/arraigofoundation.org\/donacion\/\",\"url\":\"https:\/\/arraigofoundation.org\/donacion\/\",\"name\":\"Donacion - Arraigo Group Foundation\",\"isPartOf\":{\"@id\":\"https:\/\/arraigofoundation.org\/#website\"},\"primaryImageOfPage\":{\"@id\":\"https:\/\/arraigofoundation.org\/donacion\/#primaryimage\"},\"image\":{\"@id\":\"https:\/\/arraigofoundation.org\/donacion\/#primaryimage\"},\"thumbnailUrl\":\"https:\/\/arraigofoundation.org\/wp-content\/uploads\/2024\/04\/2.png\",\"datePublished\":\"2024-03-14T14:59:23+00:00\",\"dateModified\":\"2024-07-19T15:15:20+00:00\",\"breadcrumb\":{\"@id\":\"https:\/\/arraigofoundation.org\/donacion\/#breadcrumb\"},\"inLanguage\":\"en-US\",\"potentialAction\":[{\"@type\":\"ReadAction\",\"target\":[\"https:\/\/arraigofoundation.org\/donacion\/\"]}]},{\"@type\":\"ImageObject\",\"inLanguage\":\"en-US\",\"@id\":\"https:\/\/arraigofoundation.org\/donacion\/#primaryimage\",\"url\":\"https:\/\/arraigofoundation.org\/wp-content\/uploads\/2024\/04\/2.png\",\"contentUrl\":\"https:\/\/arraigofoundation.org\/wp-content\/uploads\/2024\/04\/2.png\",\"width\":1600,\"height\":800},{\"@type\":\"BreadcrumbList\",\"@id\":\"https:\/\/arraigofoundation.org\/donacion\/#breadcrumb\",\"itemListElement\":[{\"@type\":\"ListItem\",\"position\":1,\"name\":\"Home\",\"item\":\"https:\/\/arraigofoundation.org\/\"},{\"@type\":\"ListItem\",\"position\":2,\"name\":\"Donacion\"}]},{\"@type\":\"WebSite\",\"@id\":\"https:\/\/arraigofoundation.org\/#website\",\"url\":\"https:\/\/arraigofoundation.org\/\",\"name\":\"Arraigo Group Foundation\",\"description\":\"\",\"potentialAction\":[{\"@type\":\"SearchAction\",\"target\":{\"@type\":\"EntryPoint\",\"urlTemplate\":\"https:\/\/arraigofoundation.org\/?s={search_term_string}\"},\"query-input\":{\"@type\":\"PropertyValueSpecification\",\"valueRequired\":true,\"valueName\":\"search_term_string\"}}],\"inLanguage\":\"en-US\"}]}<\/script>\n<!-- \/ Yoast SEO plugin. -->","yoast_head_json":{"title":"Donacion - Arraigo Group Foundation","robots":{"index":"index","follow":"follow","max-snippet":"max-snippet:-1","max-image-preview":"max-image-preview:large","max-video-preview":"max-video-preview:-1"},"canonical":"https:\/\/arraigofoundation.org\/en\/donacion\/","og_locale":"en_US","og_type":"article","og_title":"Donacion - Arraigo Group Foundation","og_description":"La Fundaci\u00f3n Arraigo se dedica a fortalecer comunidades a trav\u00e9s de programas de desarrollo social. \u00danete a nosotros en nuestro compromiso por generar un impacto positivo donando hoy mismo. \u00a1Tu contribuci\u00f3n marca la diferencia en la vida de quienes m\u00e1s lo necesitan! Visita nuestra p\u00e1gina de donaciones y s\u00e9 parte del cambio.","og_url":"https:\/\/arraigofoundation.org\/en\/donacion\/","og_site_name":"Arraigo Group Foundation","article_modified_time":"2024-07-19T15:15:20+00:00","og_image":[{"width":1600,"height":800,"url":"https:\/\/arraigofoundation.org\/wp-content\/uploads\/2024\/04\/2.png","type":"image\/png"}],"twitter_card":"summary_large_image","twitter_misc":{"Est. reading time":"1 minute"},"schema":{"@context":"https:\/\/schema.org","@graph":[{"@type":"WebPage","@id":"https:\/\/arraigofoundation.org\/donacion\/","url":"https:\/\/arraigofoundation.org\/donacion\/","name":"Donacion - Arraigo Group Foundation","isPartOf":{"@id":"https:\/\/arraigofoundation.org\/#website"},"primaryImageOfPage":{"@id":"https:\/\/arraigofoundation.org\/donacion\/#primaryimage"},"image":{"@id":"https:\/\/arraigofoundation.org\/donacion\/#primaryimage"},"thumbnailUrl":"https:\/\/arraigofoundation.org\/wp-content\/uploads\/2024\/04\/2.png","datePublished":"2024-03-14T14:59:23+00:00","dateModified":"2024-07-19T15:15:20+00:00","breadcrumb":{"@id":"https:\/\/arraigofoundation.org\/donacion\/#breadcrumb"},"inLanguage":"en-US","potentialAction":[{"@type":"ReadAction","target":["https:\/\/arraigofoundation.org\/donacion\/"]}]},{"@type":"ImageObject","inLanguage":"en-US","@id":"https:\/\/arraigofoundation.org\/donacion\/#primaryimage","url":"https:\/\/arraigofoundation.org\/wp-content\/uploads\/2024\/04\/2.png","contentUrl":"https:\/\/arraigofoundation.org\/wp-content\/uploads\/2024\/04\/2.png","width":1600,"height":800},{"@type":"BreadcrumbList","@id":"https:\/\/arraigofoundation.org\/donacion\/#breadcrumb","itemListElement":[{"@type":"ListItem","position":1,"name":"Home","item":"https:\/\/arraigofoundation.org\/"},{"@type":"ListItem","position":2,"name":"Donacion"}]},{"@type":"WebSite","@id":"https:\/\/arraigofoundation.org\/#website","url":"https:\/\/arraigofoundation.org\/","name":"Arraigo Group Foundation","description":"","potentialAction":[{"@type":"SearchAction","target":{"@type":"EntryPoint","urlTemplate":"https:\/\/arraigofoundation.org\/?s={search_term_string}"},"query-input":{"@type":"PropertyValueSpecification","valueRequired":true,"valueName":"search_term_string"}}],"inLanguage":"en-US"}]}},"jetpack_sharing_enabled":true,"_links":{"self":[{"href":"https:\/\/arraigofoundation.org\/en\/wp-json\/wp\/v2\/pages\/4034","targetHints":{"allow":["GET"]}}],"collection":[{"href":"https:\/\/arraigofoundation.org\/en\/wp-json\/wp\/v2\/pages"}],"about":[{"href":"https:\/\/arraigofoundation.org\/en\/wp-json\/wp\/v2\/types\/page"}],"author":[{"embeddable":true,"href":"https:\/\/arraigofoundation.org\/en\/wp-json\/wp\/v2\/users\/1"}],"replies":[{"embeddable":true,"href":"https:\/\/arraigofoundation.org\/en\/wp-json\/wp\/v2\/comments?post=4034"}],"version-history":[{"count":0,"href":"https:\/\/arraigofoundation.org\/en\/wp-json\/wp\/v2\/pages\/4034\/revisions"}],"wp:featuredmedia":[{"embeddable":true,"href":"https:\/\/arraigofoundation.org\/en\/wp-json\/wp\/v2\/media\/4080"}],"wp:attachment":[{"href":"https:\/\/arraigofoundation.org\/en\/wp-json\/wp\/v2\/media?parent=4034"}],"curies":[{"name":"wp","href":"https:\/\/api.w.org\/{rel}","templated":true}]}}