{"id":1989,"date":"2016-11-03T10:00:56","date_gmt":"2016-11-03T10:00:56","guid":{"rendered":"http:\/\/kids-club.bold-themes.com\/main-demo\/?page_id=1989"},"modified":"2025-03-24T13:33:03","modified_gmt":"2025-03-24T13:33:03","slug":"home","status":"publish","type":"page","link":"https:\/\/arraigofoundation.org\/en\/","title":{"rendered":"Home"},"content":{"rendered":"<div class=\"wpb-content-wrapper\"><div class=\"vc_row wpb_row vc_row-fluid\"><div class=\"wpb_column vc_column_container vc_col-sm-12\"><div class=\"vc_column-inner\"><div class=\"wpb_wrapper\">\n\t<div class=\"wpb_text_column wpb_content_element\" >\n\t\t<div class=\"wpb_wrapper\">\n\t\t\t<section id=\"bt_section69ea05ffc24d2\"  class=\"boldSection btDarkSkin inherit\" ><div class=\"port\"><div class=\"boldCell\"><div class=\"boldCellInner\"><div class=\"boldRow\" ><div class=\"boldRowInner\"><div class=\"rowItem col-md-12 col-ms-12  btTextCenter inherit\"  data-width=\"12\"><div class=\"rowItemContent\" ><div class=\"slided autoSliderHeight btSimpleArrows\"  data-slick='{\"autoplay\":true,\"autoplaySpeed\":5000,\"pauseOnHover\":false,\"pauseOnDotsHover\":true}' data-simple_arrows=\"yes\"><div class=\"slidedItem firstItem\"  data-thumb=\"https:\/\/arraigofoundation.org\/wp-content\/uploads\/2024\/03\/12-640x320.png\"><div class=\"btSliderPort wBackground cover\" style=\"background-image: url('https:\/\/arraigofoundation.org\/wp-content\/uploads\/2024\/03\/12.png')\"><div class=\"btSliderCell\" data-slick=\"yes\"><div class=\"btSlideGutter\"><div class=\"btSlidePane\"><div class=\"btClear btSeparator topSpaced noBorder\" ><hr><\/div><div class=\"btClear btSeparator topExtraSpaced noBorder visible-xl\" ><hr><\/div><div class=\"boldRow\" ><div class=\"boldRowInner\"><div class=\"rowItem rowInnerItem col-lg-2  btTextLeft\"  ><div class=\"rowItemContent\"><\/div><\/div><div class=\"rowItem rowInnerItem col-lg-8  btTextCenter inherit\" style=\"background-color:rgb(10,10,10);\" ><div class=\"rowItemContent\"><div class=\"btClear btSeparator bottomSemiSpaced border\" ><hr><\/div><header class=\"header btClear extralarge\" ><div class=\"dash\"><h1><span class=\"headline\">Arraigo Foundation<\/span><\/h1><\/div><\/header><div class=\"btClear btSeparator bottomSemiSpaced border\" ><hr><\/div><div class=\"btText\" ><\/p>\n<p>We focus on promoting and preserving the values and traditions inherent in the gastronomy and literature of the culture of Spanish-speaking countries.<\/p>\n<p>\n<\/div><div class=\"btClear btSeparator bottomSemiSpaced noBorder\" ><hr><\/div><a href=\"https:\/\/arraigofoundation.org\/en\/quienes-somos\/\" class=\"btBtn btBtn btnFilledStyle btnaccent4Color btnMedium btnNormalWidth btnRightPosition btnIco\"  target=\"_self\"><span class=\"btnInnerText\">Who we are<\/span><span class=\"btIco\"><span  data-ico-fa=\"&#xf105;\" class=\"btIcoHolder\"><\/span><\/span><\/a><a href=\"https:\/\/arraigofoundation.org\/en\/contacto\/\" class=\"btBtn btBtn btnFilledStyle btnaccent3Color btnMedium btnNormalWidth btnRightPosition btnIco\"  target=\"_self\"><span class=\"btnInnerText\">Contact Us<\/span><span class=\"btIco\"><span  data-ico-fa=\"&#xf105;\" class=\"btIcoHolder\"><\/span><\/span><\/a><div class=\"btClear btSeparator bottomSemiSpaced noBorder\" ><hr><\/div><\/div><\/div><div class=\"rowItem rowInnerItem col-lg-2  btTextLeft\"  ><div class=\"rowItemContent\"><\/div><\/div><\/div><\/div><div class=\"btClear btSeparator topLargeSpaced noBorder\" ><hr><\/div><\/div><\/div><\/div><\/div><\/div><div class=\"slidedItem firstItem\"  data-thumb=\"https:\/\/arraigofoundation.org\/wp-content\/uploads\/2024\/03\/1-640x320.png\"><div class=\"btSliderPort wBackground cover\" style=\"background-image: url('https:\/\/arraigofoundation.org\/wp-content\/uploads\/2024\/03\/1.png')\"><div class=\"btSliderCell\" data-slick=\"yes\"><div class=\"btSlideGutter\"><div class=\"btSlidePane\"><div class=\"btClear btSeparator topSpaced noBorder\" ><hr><\/div><div class=\"btClear btSeparator topExtraSpaced noBorder visible-xl\" ><hr><\/div><div class=\"boldRow\" ><div class=\"boldRowInner\"><div class=\"rowItem rowInnerItem col-lg-2  btTextLeft\"  ><div class=\"rowItemContent\"><\/div><\/div><div class=\"rowItem rowInnerItem col-lg-8  btTextCenter inherit\" style=\"background-color:rgb(10,10,10);\" ><div class=\"rowItemContent\"><div class=\"btClear btSeparator bottomSemiSpaced noBorder\" ><hr><\/div><header class=\"header btClear extralarge\" ><div class=\"dash\"><h1><span class=\"headline\">Programs &amp; Workshops<\/span><\/h1><\/div><\/header><div class=\"btClear btSeparator bottomSemiSpaced border\" ><hr><\/div><div class=\"btText\" ><\/p>\n<p>Through the creation of multimedia content and workshops that provide training, discernment, and dissemination of literary and gastronomic ideas inherent to the cultural heritage of the 21 countries where Spanish is the official language.<\/p>\n<p>\n<\/div><div class=\"btClear btSeparator bottomSemiSpaced noBorder\" ><hr><\/div><a href=\"https:\/\/arraigofoundation.org\/en\/programas-y-talleres\/\" class=\"btBtn btBtn btnFilledStyle btnaccent4Color btnMedium btnNormalWidth btnRightPosition btnIco\"  target=\"_self\"><span class=\"btnInnerText\">Programs &amp; Workshops<\/span><span class=\"btIco\"><span  data-ico-fa=\"&#xf105;\" class=\"btIcoHolder\"><\/span><\/span><\/a><a href=\"https:\/\/arraigofoundation.org\/en\/contacto\/\" class=\"btBtn btBtn btnFilledStyle btnaccent3Color btnMedium btnNormalWidth btnRightPosition btnIco\"  target=\"_self\"><span class=\"btnInnerText\">Contact Us<\/span><span class=\"btIco\"><span  data-ico-fa=\"&#xf105;\" class=\"btIcoHolder\"><\/span><\/span><\/a><div class=\"btClear btSeparator bottomSemiSpaced noBorder\" ><hr><\/div><\/div><\/div><div class=\"rowItem rowInnerItem col-lg-2  btTextLeft\"  ><div class=\"rowItemContent\"><\/div><\/div><\/div><\/div><div class=\"btClear btSeparator topLargeSpaced noBorder\" ><hr><\/div><\/div><\/div><\/div><\/div><\/div><div class=\"slidedItem firstItem\"  data-thumb=\"https:\/\/arraigofoundation.org\/wp-content\/uploads\/2024\/03\/9-640x320.png\"><div class=\"btSliderPort wBackground cover\" style=\"background-image: url('https:\/\/arraigofoundation.org\/wp-content\/uploads\/2024\/03\/9.png')\"><div class=\"btSliderCell\" data-slick=\"yes\"><div class=\"btSlideGutter\"><div class=\"btSlidePane\"><div class=\"btClear btSeparator topSpaced noBorder\" ><hr><\/div><div class=\"btClear btSeparator topExtraSpaced noBorder visible-xl\" ><hr><\/div><div class=\"boldRow\" ><div class=\"boldRowInner\"><div class=\"rowItem rowInnerItem col-lg-2  btTextLeft\"  ><div class=\"rowItemContent\"><\/div><\/div><div class=\"rowItem rowInnerItem col-lg-8  btTextCenter inherit\" style=\"background-color:rgb(10,10,10);\" ><div class=\"rowItemContent\"><div class=\"btClear btSeparator bottomSemiSpaced noBorder\" ><hr><\/div><header class=\"header btClear extralarge\" ><div class=\"dash\"><h1><span class=\"headline\">News<\/span><\/h1><\/div><\/header><div class=\"btClear btSeparator bottomSemiSpaced border\" ><hr><\/div><div class=\"btText\" ><\/p>\n<p>La secci\u00f3n de noticias de la Fundaci\u00f3n Arraigo proporciona actualizaciones sobre sus proyectos y actividades, as\u00ed como anuncios sobre eventos futuros que promueven el desarrollo comunitario. Mantente informado sobre c\u00f3mo participar y colaborar en iniciativas que fortalezcan nuestras comunidades.<\/p>\n<p>\n<\/div><div class=\"btClear btSeparator bottomSemiSpaced noBorder\" ><hr><\/div><a href=\"\/en\/noticias\/\" class=\"btBtn btBtn btnFilledStyle btnaccent4Color btnMedium btnNormalWidth btnRightPosition btnIco\"  target=\"_self\"><span class=\"btnInnerText\">News<\/span><span class=\"btIco\"><span  data-ico-fa=\"&#xf105;\" class=\"btIcoHolder\"><\/span><\/span><\/a><div class=\"btClear btSeparator bottomSemiSpaced noBorder\" ><hr><\/div><\/div><\/div><div class=\"rowItem rowInnerItem col-lg-2  btTextLeft\"  ><div class=\"rowItemContent\"><\/div><\/div><\/div><\/div><div class=\"btClear btSeparator topLargeSpaced noBorder\" ><hr><\/div><\/div><\/div><\/div><\/div><\/div><\/div><\/div><\/div><\/div><\/div><\/div><\/div><\/div><\/section><section id=\"bt_section69ea05ffce2e4\"  class=\"boldSection btDivider topSpaced bottomSpaced btDarkSkin gutter inherit\" style=\"background-color:rgb(193,9,0);\"><div class=\"port\"><div class=\"boldCell\"><div class=\"boldCellInner\"><div class=\"boldRow\" ><div class=\"boldRowInner\"><div class=\"rowItem col-md-3 col-sm-6 col-ms-12 btTextCenter animate animate-fadein btMiddleVertical btNoPadding\"  data-width=\"3\"><div class=\"rowItemContent\" ><div class=\"bpgPhoto circledImage btCircleImage\" ><div class = \"btImage\"><img decoding=\"async\" src=\"https:\/\/arraigofoundation.org\/wp-content\/uploads\/2024\/03\/ximena.png\" alt=\"\" title=\"Ximena Montilla\"><\/div><\/div><\/div><\/div><div class=\"rowItem col-md-9 col-ms-12  btTextLeft animate animate-fadein animate-moveleft btMiddleVertical btDoublePadding\"  data-width=\"9\"><div class=\"rowItemContent\" ><div class=\"btText\" ><\/p>\n<p>As part of the Arraigo Foundation, I know firsthand the transformative power of your donation. Together, we can strengthen communities and change lives. Join our commitment to a better future. Your contribution makes a difference!<\/p>\n<p>Ximena Montilla<\/p>\n<p>\n<\/div><\/div><\/div><\/div><\/div><\/div><\/div><\/div><\/section><section id=\"bt_section69ea05ffce6a9\"  class=\"boldSection btDivider btDarkSkin inherit\" ><div class=\"port\"><div class=\"boldCell\"><div class=\"boldCellInner\"><div class=\"boldRow\" ><div class=\"boldRowInner\"><div class=\"rowItem col-md-12 col-ms-12  btTextCenter inherit wBackground cover\" style=\"background-image: url(https:\/\/arraigofoundation.org\/wp-content\/uploads\/2024\/03\/10.png);\" data-width=\"12\"><div class=\"rowItemContent\" >\n\t\t<div class=\"btGoogleMapsWrapper gutter\"><div class=\"btGoogleMapsContainer btGoogleMapsContainerWithContent\" id=\"map_canvas69ea05ffce900\" style=\"height:750px;;\" ><\/div><div class=\"btGoogleMapsContent port\"><div class=\"btGoogleMapsWrap\"><div class=\"btClear btSeparator topSemiSpaced noBorder\" ><hr><\/div><div class=\"bpgPhoto\" ><div class = \"btImage\"><img decoding=\"async\" src=\"https:\/\/arraigofoundation.org\/wp-content\/uploads\/2024\/03\/logo-hd-white.png\" alt=\"\" title=\"\"><\/div><\/div><div class=\"btClear btSeparator topSemiSpaced bottomSemiSpaced border\" ><hr><\/div><div class=\"servicesItem  btServicesAccent2 btIcoBigSizeIcon\"><div class=\"sIcon\"><span class=\"btIco btIcoBigSize btIcoOutlineType btAccent2Icon\"><span  data-ico-s7=\"&#xe638;\" class=\"btIcoHolder\"><\/span><\/span><\/div><div class=\"sTxt\"><header class=\"header btClear small btDash bottomDash\" ><div class=\"dash\"><h4><span class=\"headline\">ADDRESS<\/span><\/h4><\/div><div class=\"btSubTitle\">Georgia &#8211; US<\/div><\/header><\/div><\/div><div class=\"btClear btSeparator topSmallSpaced noBorder\" ><hr><\/div><div class=\"servicesItem  btServicesAccent2 btIcoBigSizeIcon\"><div class=\"sIcon\"><span class=\"btIco btIcoBigSize btIcoOutlineType btAccent2Icon\"><span  data-ico-s7=\"&#xe670;\" class=\"btIcoHolder\"><\/span><\/span><\/div><div class=\"sTxt\"><header class=\"header btClear small btDash bottomDash\" ><div class=\"dash\"><h4><span class=\"headline\">PHONE<\/span><\/h4><\/div><div class=\"btSubTitle\">+1 (470) 632-6318<\/div><\/header><\/div><\/div><div class=\"btClear btSeparator topSmallSpaced noBorder\" ><hr><\/div><div class=\"servicesItem  btServicesAccent2 btIcoBigSizeIcon\"><div class=\"sIcon\"><span class=\"btIco btIcoBigSize btIcoOutlineType btAccent2Icon\"><span  data-ico-s7=\"&#xe63a;\" class=\"btIcoHolder\"><\/span><\/span><\/div><div class=\"sTxt\"><header class=\"header btClear small btDash bottomDash\" ><div class=\"dash\"><h4><span class=\"headline\">EMAIL<\/span><\/h4><\/div><div class=\"btSubTitle\">info@arraigofoundation.org<\/div><\/header><\/div><\/div><div class=\"btClear btSeparator topSemiSpaced noBorder\" ><hr><\/div><\/div><\/div><\/div>\n\t\t<script type=\"text\/javascript\">\n\t\t\tjQuery( document ).ready(function() {\n\t\t\t\tbt_gmap_init( map_canvas69ea05ffce900, , , 14, \"\", \"\", \"\", \"\", \"\" );\n\t\t\t});\t\n\t\t<\/script>\n\t\t<\/div><\/div><\/div><\/div><\/div><\/div><\/div><\/section>\n\n\t\t<\/div>\n\t<\/div>\n<\/div><\/div><\/div><\/div>\n<\/div>","protected":false},"excerpt":{"rendered":"Su nombre (*) Su Email (*) Programa o Taller de Interes: Fomentando la diversidadEmpoderando a mujeres y ni\u00f1asLa gastronom\u00eda un lenguaje universal (Potenciando comunidades)Promoci\u00f3n lectora para preservar nuestra Herencia HispanaPreservando [...]","protected":false},"author":1,"featured_media":0,"parent":0,"menu_order":0,"comment_status":"closed","ping_status":"closed","template":"","meta":{"footnotes":""},"class_list":["post-1989","page","type-page","status-publish","hentry"],"yoast_head":"<!-- This site is optimized with the Yoast SEO plugin v27.2 - https:\/\/yoast.com\/product\/yoast-seo-wordpress\/ -->\n<title>Home - Arraigo Group Foundation<\/title>\n<meta name=\"robots\" content=\"index, follow, max-snippet:-1, max-image-preview:large, max-video-preview:-1\" \/>\n<link rel=\"canonical\" href=\"https:\/\/arraigofoundation.org\/en\/\" \/>\n<meta property=\"og:locale\" content=\"en_US\" \/>\n<meta property=\"og:type\" content=\"article\" \/>\n<meta property=\"og:title\" content=\"Home - Arraigo Group Foundation\" \/>\n<meta property=\"og:url\" content=\"https:\/\/arraigofoundation.org\/en\/\" \/>\n<meta property=\"og:site_name\" content=\"Arraigo Group Foundation\" \/>\n<meta property=\"article:modified_time\" content=\"2025-03-24T13:33:03+00:00\" \/>\n<meta name=\"twitter:card\" content=\"summary_large_image\" \/>\n<meta name=\"twitter:label1\" content=\"Est. reading time\" \/>\n\t<meta name=\"twitter:data1\" content=\"2 minutes\" \/>\n<script type=\"application\/ld+json\" class=\"yoast-schema-graph\">{\"@context\":\"https:\/\/schema.org\",\"@graph\":[{\"@type\":\"WebPage\",\"@id\":\"https:\/\/arraigofoundation.org\/\",\"url\":\"https:\/\/arraigofoundation.org\/\",\"name\":\"Home - Arraigo Group Foundation\",\"isPartOf\":{\"@id\":\"https:\/\/arraigofoundation.org\/#website\"},\"datePublished\":\"2016-11-03T10:00:56+00:00\",\"dateModified\":\"2025-03-24T13:33:03+00:00\",\"breadcrumb\":{\"@id\":\"https:\/\/arraigofoundation.org\/#breadcrumb\"},\"inLanguage\":\"en-US\",\"potentialAction\":[{\"@type\":\"ReadAction\",\"target\":[\"https:\/\/arraigofoundation.org\/\"]}]},{\"@type\":\"BreadcrumbList\",\"@id\":\"https:\/\/arraigofoundation.org\/#breadcrumb\",\"itemListElement\":[{\"@type\":\"ListItem\",\"position\":1,\"name\":\"Home\",\"item\":\"https:\/\/arraigofoundation.org\/\"},{\"@type\":\"ListItem\",\"position\":2,\"name\":\"Home\"}]},{\"@type\":\"WebSite\",\"@id\":\"https:\/\/arraigofoundation.org\/#website\",\"url\":\"https:\/\/arraigofoundation.org\/\",\"name\":\"Arraigo Group Foundation\",\"description\":\"\",\"potentialAction\":[{\"@type\":\"SearchAction\",\"target\":{\"@type\":\"EntryPoint\",\"urlTemplate\":\"https:\/\/arraigofoundation.org\/?s={search_term_string}\"},\"query-input\":{\"@type\":\"PropertyValueSpecification\",\"valueRequired\":true,\"valueName\":\"search_term_string\"}}],\"inLanguage\":\"en-US\"}]}<\/script>\n<!-- \/ Yoast SEO plugin. -->","yoast_head_json":{"title":"Home - Arraigo Group Foundation","robots":{"index":"index","follow":"follow","max-snippet":"max-snippet:-1","max-image-preview":"max-image-preview:large","max-video-preview":"max-video-preview:-1"},"canonical":"https:\/\/arraigofoundation.org\/en\/","og_locale":"en_US","og_type":"article","og_title":"Home - Arraigo Group Foundation","og_url":"https:\/\/arraigofoundation.org\/en\/","og_site_name":"Arraigo Group Foundation","article_modified_time":"2025-03-24T13:33:03+00:00","twitter_card":"summary_large_image","twitter_misc":{"Est. reading time":"2 minutes"},"schema":{"@context":"https:\/\/schema.org","@graph":[{"@type":"WebPage","@id":"https:\/\/arraigofoundation.org\/","url":"https:\/\/arraigofoundation.org\/","name":"Home - Arraigo Group Foundation","isPartOf":{"@id":"https:\/\/arraigofoundation.org\/#website"},"datePublished":"2016-11-03T10:00:56+00:00","dateModified":"2025-03-24T13:33:03+00:00","breadcrumb":{"@id":"https:\/\/arraigofoundation.org\/#breadcrumb"},"inLanguage":"en-US","potentialAction":[{"@type":"ReadAction","target":["https:\/\/arraigofoundation.org\/"]}]},{"@type":"BreadcrumbList","@id":"https:\/\/arraigofoundation.org\/#breadcrumb","itemListElement":[{"@type":"ListItem","position":1,"name":"Home","item":"https:\/\/arraigofoundation.org\/"},{"@type":"ListItem","position":2,"name":"Home"}]},{"@type":"WebSite","@id":"https:\/\/arraigofoundation.org\/#website","url":"https:\/\/arraigofoundation.org\/","name":"Arraigo Group Foundation","description":"","potentialAction":[{"@type":"SearchAction","target":{"@type":"EntryPoint","urlTemplate":"https:\/\/arraigofoundation.org\/?s={search_term_string}"},"query-input":{"@type":"PropertyValueSpecification","valueRequired":true,"valueName":"search_term_string"}}],"inLanguage":"en-US"}]}},"jetpack_sharing_enabled":true,"_links":{"self":[{"href":"https:\/\/arraigofoundation.org\/en\/wp-json\/wp\/v2\/pages\/1989","targetHints":{"allow":["GET"]}}],"collection":[{"href":"https:\/\/arraigofoundation.org\/en\/wp-json\/wp\/v2\/pages"}],"about":[{"href":"https:\/\/arraigofoundation.org\/en\/wp-json\/wp\/v2\/types\/page"}],"author":[{"embeddable":true,"href":"https:\/\/arraigofoundation.org\/en\/wp-json\/wp\/v2\/users\/1"}],"replies":[{"embeddable":true,"href":"https:\/\/arraigofoundation.org\/en\/wp-json\/wp\/v2\/comments?post=1989"}],"version-history":[{"count":0,"href":"https:\/\/arraigofoundation.org\/en\/wp-json\/wp\/v2\/pages\/1989\/revisions"}],"wp:attachment":[{"href":"https:\/\/arraigofoundation.org\/en\/wp-json\/wp\/v2\/media?parent=1989"}],"curies":[{"name":"wp","href":"https:\/\/api.w.org\/{rel}","templated":true}]}}