{"id":1675,"date":"2024-02-28T14:32:09","date_gmt":"2024-02-28T14:32:09","guid":{"rendered":"http:\/\/finance.bold-themes.com\/main-demo\/?page_id=1675"},"modified":"2026-03-30T19:03:42","modified_gmt":"2026-03-30T19:03:42","slug":"contacto","status":"publish","type":"page","link":"https:\/\/arraigofoundation.org\/en\/contacto\/","title":{"rendered":"Contact"},"content":{"rendered":"<section id=\"bt_section69ea33ef8ab55\"  class=\"boldSection topSemiSpaced bottomSemiSpaced gutter inherit\" ><div class=\"port\"><div class=\"boldCell\"><div class=\"boldCellInner\"><div class=\"boldRow\" ><div class=\"boldRowInner\"><div class=\"rowItem col-md-6 col-sm-12 btTextLeft btTopVertical btTextIndent wBackground cover\" style=\"min-height: 500px;background-image: url(https:\/\/arraigofoundation.org\/wp-content\/uploads\/2024\/03\/contact-us.jpg);\" data-width=\"6\"><div class=\"rowItemContent\" ><\/div><\/div><div class=\"rowItem col-md-6 col-sm-12 btTextLeft btHighlightBorder btMiddleVertical btDoublePadding\"  data-width=\"6\"><div class=\"rowItemContent\" ><div class=\"btClear btSeparator topSemiSpaced bottomSmallSpaced noBorder\" ><hr><\/div><div class=\"btText\" ><\/p>\n<div class=\"wpcf7 no-js\" id=\"wpcf7-f2603-o1\" lang=\"en-US\" dir=\"ltr\" data-wpcf7-id=\"2603\">\n<div class=\"screen-reader-response\">\n<p role=\"status\" aria-live=\"polite\" aria-atomic=\"true\">\n<ul><\/ul>\n<\/div>\n<form action=\"\/en\/wp-json\/wp\/v2\/pages\/1675#wpcf7-f2603-o1\" method=\"post\" class=\"wpcf7-form init\" aria-label=\"Contact form\" novalidate=\"novalidate\" data-status=\"init\" data-trp-original-action=\"\/en\/wp-json\/wp\/v2\/pages\/1675#wpcf7-f2603-o1\">\n<fieldset class=\"hidden-fields-container\"><input type=\"hidden\" name=\"_wpcf7\" value=\"2603\" \/><input type=\"hidden\" name=\"_wpcf7_version\" value=\"6.1\" \/><input type=\"hidden\" name=\"_wpcf7_locale\" value=\"en_US\" \/><input type=\"hidden\" name=\"_wpcf7_unit_tag\" value=\"wpcf7-f2603-o1\" \/><input type=\"hidden\" name=\"_wpcf7_container_post\" value=\"0\" \/><input type=\"hidden\" name=\"_wpcf7_posted_data_hash\" value=\"\" \/><br \/>\n<\/fieldset>\n<p><label> Your Name (*)<br \/>\n<span class=\"wpcf7-form-control-wrap\" data-name=\"your-name\"><input size=\"40\" maxlength=\"400\" class=\"wpcf7-form-control wpcf7-text wpcf7-validates-as-required\" aria-required=\"true\" aria-invalid=\"false\" value=\"\" type=\"text\" name=\"your-name\" \/><\/span> <\/label>\n<\/p>\n<p><label> Your Email (*)<br \/>\n<span class=\"wpcf7-form-control-wrap\" data-name=\"your-email\"><input size=\"40\" maxlength=\"400\" class=\"wpcf7-form-control wpcf7-email wpcf7-validates-as-required wpcf7-text wpcf7-validates-as-email\" aria-required=\"true\" aria-invalid=\"false\" value=\"\" type=\"email\" name=\"your-email\" \/><\/span> <\/label>\n<\/p>\n<p><label>Program or Workshop of Interest:<br \/>\n<span class=\"wpcf7-form-control-wrap\" data-name=\"Interes\"><select class=\"wpcf7-form-control wpcf7-select wpcf7-validates-as-required\" aria-required=\"true\" aria-invalid=\"false\" name=\"Interes\"><option value=\"Fomentando la diversidad\">Promoting Diversity<\/option><option value=\"Empoderando a mujeres y ni\u00f1as\">Empowering Women and Girls<\/option><option value=\"La gastronom\u00eda un lenguaje universal (Potenciando comunidades)\">Gastronomy: A Universal Language (Empowering Communities)<\/option><option value=\"Promoci\u00f3n lectora para preservar nuestra Herencia Hispana\">Reading Promotion to Preserve Our Hispanic Heritage<\/option><option value=\"Preservando nuestro patrimonio inmaterial\">Preserving Our Intangible Heritage<\/option><option value=\"Cultivando valores culturales\">Cultivating Cultural Values<\/option><option value=\"Donacion\">Donation<\/option><option value=\"Otro Motivo\">Another Reason<\/option><\/select><\/span><\/label>\n<\/p>\n<p><label> Other Reason:<br \/>\n<span class=\"wpcf7-form-control-wrap\" data-name=\"your-subject\"><input size=\"40\" maxlength=\"400\" class=\"wpcf7-form-control wpcf7-text\" aria-invalid=\"false\" value=\"\" type=\"text\" name=\"your-subject\" \/><\/span> <\/label>\n<\/p>\n<p><label> Your Message (*)<br \/>\n<span class=\"wpcf7-form-control-wrap\" data-name=\"your-message\"><textarea cols=\"40\" rows=\"10\" maxlength=\"2000\" class=\"wpcf7-form-control wpcf7-textarea\" aria-invalid=\"false\" name=\"your-message\"><\/textarea><\/span> <\/label>\n<\/p>\n<p><input class=\"wpcf7-form-control wpcf7-submit has-spinner\" type=\"submit\" value=\"Send Email\" \/>\n<\/p>\n<div class=\"wpcf7-response-output\" aria-hidden=\"true\"><\/div>\n<input type=\"hidden\" name=\"trp-form-language\" value=\"en\"\/><\/form>\n<\/div>\n<p>\n<\/div><div class=\"btClear btSeparator topSemiSpaced bottomSmallSpaced noBorder\" ><hr><\/div><\/div><\/div><\/div><\/div><div class=\"boldRow\" ><div class=\"boldRowInner\"><div class=\"rowItem col-md-12 col-ms-12  btTextLeft btTopVertical btTextIndent\" style=\"min-height: 50px;\" data-width=\"12\"><div class=\"rowItemContent\" ><div class=\"btClear btSeparator noBorder\" ><hr><\/div><\/div><\/div><\/div><\/div><div class=\"boldRow\" ><div class=\"boldRowInner\"><div class=\"rowItem col-md-12 col-ms-12  btTextLeft animate animate-fadein btBottomVertical btNoPadding\"  data-width=\"12\"><div class=\"rowItemContent\" ><div class=\"servicesItem  btServicesAccent3 btIcoLargeSizeIcon\"><div class=\"sIcon\"><span class=\"btIco btIcoLargeSize btIcoFilledType btAccent3Icon\"><span  data-ico-=\"&#038;#x;\" class=\"btIcoHolder\"><\/span><\/span><\/div><div class=\"sTxt\"><header class=\"header btClear small btDash bottomDash\" ><div class=\"dash\"><h4><span class=\"headline\">EMAIL<\/span><\/h4><\/div><div class=\"btSubTitle\">info@arraigofoundation.org donaciones@arraigofoundation.org<\/div><\/header><\/div><\/div><div class=\"btClear btSeparator bottomSemiSpaced noBorder\" ><hr><\/div><\/div><\/div><\/div><\/div><\/div><\/div><\/div><\/section>","protected":false},"excerpt":{"rendered":"<p>We are delighted to be in touch with you. If you wish to contact us for more information, make inquiries, or participate in our initiatives, please reach out through the form. Feel free to contact us at any time. We are here to listen to you and respond to your questions or concerns. Your participation is crucial to our mission, and we look forward to collaborating with you in promoting our values and goals.<\/p>","protected":false},"author":1,"featured_media":4080,"parent":0,"menu_order":0,"comment_status":"closed","ping_status":"closed","template":"","meta":{"footnotes":""},"class_list":["post-1675","page","type-page","status-publish","has-post-thumbnail","hentry"],"yoast_head":"<!-- This site is optimized with the Yoast SEO plugin v27.2 - https:\/\/yoast.com\/product\/yoast-seo-wordpress\/ -->\n<title>Contacto - Arraigo Group Foundation<\/title>\n<meta name=\"robots\" content=\"index, follow, max-snippet:-1, max-image-preview:large, max-video-preview:-1\" \/>\n<link rel=\"canonical\" href=\"https:\/\/arraigofoundation.org\/en\/contacto\/\" \/>\n<meta property=\"og:locale\" content=\"en_US\" \/>\n<meta property=\"og:type\" content=\"article\" \/>\n<meta property=\"og:title\" content=\"Contacto - Arraigo Group Foundation\" \/>\n<meta property=\"og:description\" content=\"Estamos encantados de estar en contacto contigo. Si deseas comunicarte con nosotros para obtener m\u00e1s informaci\u00f3n, hacer consultas o participar en nuestras iniciativas, contacta a trav\u00e9s del formulario. No dudes en contactarnos en cualquier momento. Estamos aqu\u00ed para escucharte y responder a tus preguntas o inquietudes. Tu participaci\u00f3n es fundamental para nuestra misi\u00f3n y estamos ansiosos por colaborar contigo en la promoci\u00f3n de nuestros valores y objetivos.\" \/>\n<meta property=\"og:url\" content=\"https:\/\/arraigofoundation.org\/en\/contacto\/\" \/>\n<meta property=\"og:site_name\" content=\"Arraigo Group Foundation\" \/>\n<meta property=\"article:modified_time\" content=\"2026-03-30T19:03:42+00:00\" \/>\n<meta property=\"og:image\" content=\"https:\/\/arraigofoundation.org\/wp-content\/uploads\/2024\/04\/2.png\" \/>\n\t<meta property=\"og:image:width\" content=\"1600\" \/>\n\t<meta property=\"og:image:height\" content=\"800\" \/>\n\t<meta property=\"og:image:type\" content=\"image\/png\" \/>\n<meta name=\"twitter:card\" content=\"summary_large_image\" \/>\n<meta name=\"twitter:label1\" content=\"Est. reading time\" \/>\n\t<meta name=\"twitter:data1\" content=\"1 minute\" \/>\n<script type=\"application\/ld+json\" class=\"yoast-schema-graph\">{\"@context\":\"https:\/\/schema.org\",\"@graph\":[{\"@type\":\"WebPage\",\"@id\":\"https:\/\/arraigofoundation.org\/contacto\/\",\"url\":\"https:\/\/arraigofoundation.org\/contacto\/\",\"name\":\"Contacto - Arraigo Group Foundation\",\"isPartOf\":{\"@id\":\"https:\/\/arraigofoundation.org\/#website\"},\"primaryImageOfPage\":{\"@id\":\"https:\/\/arraigofoundation.org\/contacto\/#primaryimage\"},\"image\":{\"@id\":\"https:\/\/arraigofoundation.org\/contacto\/#primaryimage\"},\"thumbnailUrl\":\"https:\/\/arraigofoundation.org\/wp-content\/uploads\/2024\/04\/2.png\",\"datePublished\":\"2024-02-28T14:32:09+00:00\",\"dateModified\":\"2026-03-30T19:03:42+00:00\",\"breadcrumb\":{\"@id\":\"https:\/\/arraigofoundation.org\/contacto\/#breadcrumb\"},\"inLanguage\":\"en-US\",\"potentialAction\":[{\"@type\":\"ReadAction\",\"target\":[\"https:\/\/arraigofoundation.org\/contacto\/\"]}]},{\"@type\":\"ImageObject\",\"inLanguage\":\"en-US\",\"@id\":\"https:\/\/arraigofoundation.org\/contacto\/#primaryimage\",\"url\":\"https:\/\/arraigofoundation.org\/wp-content\/uploads\/2024\/04\/2.png\",\"contentUrl\":\"https:\/\/arraigofoundation.org\/wp-content\/uploads\/2024\/04\/2.png\",\"width\":1600,\"height\":800},{\"@type\":\"BreadcrumbList\",\"@id\":\"https:\/\/arraigofoundation.org\/contacto\/#breadcrumb\",\"itemListElement\":[{\"@type\":\"ListItem\",\"position\":1,\"name\":\"Home\",\"item\":\"https:\/\/arraigofoundation.org\/\"},{\"@type\":\"ListItem\",\"position\":2,\"name\":\"Contacto\"}]},{\"@type\":\"WebSite\",\"@id\":\"https:\/\/arraigofoundation.org\/#website\",\"url\":\"https:\/\/arraigofoundation.org\/\",\"name\":\"Arraigo Group Foundation\",\"description\":\"\",\"potentialAction\":[{\"@type\":\"SearchAction\",\"target\":{\"@type\":\"EntryPoint\",\"urlTemplate\":\"https:\/\/arraigofoundation.org\/?s={search_term_string}\"},\"query-input\":{\"@type\":\"PropertyValueSpecification\",\"valueRequired\":true,\"valueName\":\"search_term_string\"}}],\"inLanguage\":\"en-US\"}]}<\/script>\n<!-- \/ Yoast SEO plugin. -->","yoast_head_json":{"title":"Contacto - Arraigo Group Foundation","robots":{"index":"index","follow":"follow","max-snippet":"max-snippet:-1","max-image-preview":"max-image-preview:large","max-video-preview":"max-video-preview:-1"},"canonical":"https:\/\/arraigofoundation.org\/en\/contacto\/","og_locale":"en_US","og_type":"article","og_title":"Contacto - Arraigo Group Foundation","og_description":"Estamos encantados de estar en contacto contigo. Si deseas comunicarte con nosotros para obtener m\u00e1s informaci\u00f3n, hacer consultas o participar en nuestras iniciativas, contacta a trav\u00e9s del formulario. No dudes en contactarnos en cualquier momento. Estamos aqu\u00ed para escucharte y responder a tus preguntas o inquietudes. Tu participaci\u00f3n es fundamental para nuestra misi\u00f3n y estamos ansiosos por colaborar contigo en la promoci\u00f3n de nuestros valores y objetivos.","og_url":"https:\/\/arraigofoundation.org\/en\/contacto\/","og_site_name":"Arraigo Group Foundation","article_modified_time":"2026-03-30T19:03:42+00:00","og_image":[{"width":1600,"height":800,"url":"https:\/\/arraigofoundation.org\/wp-content\/uploads\/2024\/04\/2.png","type":"image\/png"}],"twitter_card":"summary_large_image","twitter_misc":{"Est. reading time":"1 minute"},"schema":{"@context":"https:\/\/schema.org","@graph":[{"@type":"WebPage","@id":"https:\/\/arraigofoundation.org\/contacto\/","url":"https:\/\/arraigofoundation.org\/contacto\/","name":"Contacto - Arraigo Group Foundation","isPartOf":{"@id":"https:\/\/arraigofoundation.org\/#website"},"primaryImageOfPage":{"@id":"https:\/\/arraigofoundation.org\/contacto\/#primaryimage"},"image":{"@id":"https:\/\/arraigofoundation.org\/contacto\/#primaryimage"},"thumbnailUrl":"https:\/\/arraigofoundation.org\/wp-content\/uploads\/2024\/04\/2.png","datePublished":"2024-02-28T14:32:09+00:00","dateModified":"2026-03-30T19:03:42+00:00","breadcrumb":{"@id":"https:\/\/arraigofoundation.org\/contacto\/#breadcrumb"},"inLanguage":"en-US","potentialAction":[{"@type":"ReadAction","target":["https:\/\/arraigofoundation.org\/contacto\/"]}]},{"@type":"ImageObject","inLanguage":"en-US","@id":"https:\/\/arraigofoundation.org\/contacto\/#primaryimage","url":"https:\/\/arraigofoundation.org\/wp-content\/uploads\/2024\/04\/2.png","contentUrl":"https:\/\/arraigofoundation.org\/wp-content\/uploads\/2024\/04\/2.png","width":1600,"height":800},{"@type":"BreadcrumbList","@id":"https:\/\/arraigofoundation.org\/contacto\/#breadcrumb","itemListElement":[{"@type":"ListItem","position":1,"name":"Home","item":"https:\/\/arraigofoundation.org\/"},{"@type":"ListItem","position":2,"name":"Contacto"}]},{"@type":"WebSite","@id":"https:\/\/arraigofoundation.org\/#website","url":"https:\/\/arraigofoundation.org\/","name":"Arraigo Group Foundation","description":"","potentialAction":[{"@type":"SearchAction","target":{"@type":"EntryPoint","urlTemplate":"https:\/\/arraigofoundation.org\/?s={search_term_string}"},"query-input":{"@type":"PropertyValueSpecification","valueRequired":true,"valueName":"search_term_string"}}],"inLanguage":"en-US"}]}},"jetpack_sharing_enabled":true,"_links":{"self":[{"href":"https:\/\/arraigofoundation.org\/en\/wp-json\/wp\/v2\/pages\/1675","targetHints":{"allow":["GET"]}}],"collection":[{"href":"https:\/\/arraigofoundation.org\/en\/wp-json\/wp\/v2\/pages"}],"about":[{"href":"https:\/\/arraigofoundation.org\/en\/wp-json\/wp\/v2\/types\/page"}],"author":[{"embeddable":true,"href":"https:\/\/arraigofoundation.org\/en\/wp-json\/wp\/v2\/users\/1"}],"replies":[{"embeddable":true,"href":"https:\/\/arraigofoundation.org\/en\/wp-json\/wp\/v2\/comments?post=1675"}],"version-history":[{"count":0,"href":"https:\/\/arraigofoundation.org\/en\/wp-json\/wp\/v2\/pages\/1675\/revisions"}],"wp:featuredmedia":[{"embeddable":true,"href":"https:\/\/arraigofoundation.org\/en\/wp-json\/wp\/v2\/media\/4080"}],"wp:attachment":[{"href":"https:\/\/arraigofoundation.org\/en\/wp-json\/wp\/v2\/media?parent=1675"}],"curies":[{"name":"wp","href":"https:\/\/api.w.org\/{rel}","templated":true}]}}