{"id":15,"date":"2024-02-28T00:00:08","date_gmt":"2024-02-28T00:00:08","guid":{"rendered":"http:\/\/finance.bold-themes.com\/main-demo\/?page_id=15"},"modified":"2025-02-01T16:08:55","modified_gmt":"2025-02-01T16:08:55","slug":"quienes-somos","status":"publish","type":"page","link":"https:\/\/arraigofoundation.org\/en\/quienes-somos\/","title":{"rendered":"Who we are"},"content":{"rendered":"<div class=\"wpb-content-wrapper\"><div class=\"vc_row wpb_row vc_row-fluid\"><div class=\"wpb_column vc_column_container vc_col-sm-12\"><div class=\"vc_column-inner\"><div class=\"wpb_wrapper\">\n\t<div class=\"wpb_text_column wpb_content_element\" >\n\t\t<div class=\"wpb_wrapper\">\n\t\t\t<section id=\"bt_section69ea1f03e729d\"  class=\"boldSection topSmallSpaced bottomSpaced gutter inherit\" ><div class=\"port\"><div class=\"boldCell\"><div class=\"boldCellInner\"><div class=\"boldRow\" ><div class=\"boldRowInner\"><div class=\"rowItem col-md-12 col-ms-12  btTextLeft animate animate-fadein inherit\"  data-width=\"12\"><div class=\"rowItemContent\" ><header class=\"header btClear large  btHeaderAccent4\" ><div class=\"dash\"><h2><span class=\"headline\">Arraigo Foundation<\/span><\/h2><\/div><\/header><div class=\"btText\" ><\/p>\n<p>The story of Arraigo Foundation is a tale of passion, commitment, and dedication to preserving and promoting the rich Hispanic cultural heritage in an environment where diversity is key to social enrichment. It all began with Ximena Montilla, an expatriate Venezuelan with a clear vision and unwavering determination.<\/p>\n<p>Aware of the importance of promoting cultural exchange and enhancing the sense of belonging, Ximena Montilla decided to bring this foundation to life with the purpose of fostering multiculturalism, tolerance, and the elimination of manifestations of racism, xenophobia, and intolerance both inside and outside the classroom. Her experience as a leader and CEO in various ventures aimed at empowering the Spanish-speaking community was the driving force behind this ambitious project.<\/p>\n<p>The essence of Arraigo Foundation lies in its ability to create synergies and meaningful connections with prominent figures from the cultural, literary, and gastronomic worlds. These collaborations are part of the very soul of the foundation, enriching its programs and events with a diversity of perspectives and experiences that, in addition to nurturing the Spanish-speaking community, promote intercultural dialogue and mutual understanding.<\/p>\n<p>Arraigo Foundation represents a beacon of hope and change, actively supporting the participation and empowerment of women in the cultural sphere. Its work transcends borders, reaching all layers of American society and beyond, demonstrating that diversity is a treasure that enriches everyone. With its tireless commitment, the foundation continues to illuminate the path towards a more inclusive and respectful world, where Hispanic culture shines in all its splendor.<\/p>\n<p><strong>COLLABORATORS<\/strong><\/p>\n<p><em><strong><img loading=\"lazy\" decoding=\"async\" class=\"alignnone size-full wp-image-3971\" src=\"https:\/\/arraigofoundation.org\/wp-content\/uploads\/2024\/03\/ximena.png\" alt=\"\" width=\"218\" height=\"185\" \/><\/strong><\/em><\/p>\n<p><em><strong>Ximena Montilla Arreaza (Director)<\/strong><\/em><\/p>\n<p>Special Education Teacher, specializing in Intellectual Development Disorders and Learning Difficulties (Instituto Universitario AVEPANE, Venezuela); M.Sc. in Management and Administration of Educational Centers (University of Barcelona-UB, Spain); Diploma in Applied Neurogastronomy (Institute of Neurosciences of the Americas, Venezuela). TEDx Speaker on \"Spanish as an Affective Language\". Member of the Venezuelan Gastronomy Association. Winner of three ILBA 2023 awards (International Latino Book Awards), winner of seven Gourmand Awards. Representative of Venezuela at the Umea International Gastronomy Symposium, Sweden 2023. Honorary member of the Women Economic Forum Venezuela.<\/p>\n<p><em><strong><img loading=\"lazy\" decoding=\"async\" class=\"alignnone size-full wp-image-3964\" src=\"https:\/\/arraigofoundation.org\/wp-content\/uploads\/2024\/03\/erik.png\" alt=\"\" width=\"218\" height=\"185\" \/><\/strong><\/em><\/p>\n<p><em><strong>Erik Michel D\u00f6ring (Director)<\/strong><\/em><\/p>\n<p>Erik Michel es un l\u00edder clave en la Fundaci\u00f3n Arraigo, donde actualmente ocupa el cargo de Director Financiero. Con un enfoque en la optimizaci\u00f3n financiera y la gesti\u00f3n estrat\u00e9gica, Erik aporta a la fundaci\u00f3n una vasta experiencia en administraci\u00f3n, optimizaci\u00f3n de negocios y gesti\u00f3n contractual. Su trayectoria incluye un MBA en Administraci\u00f3n de Empresas de la Escuela de Negocios y Marketing ESIC, con especializaci\u00f3n en Desarrollo de Negocios y Marketing, adem\u00e1s de una s\u00f3lida formaci\u00f3n en Ingenier\u00eda Mec\u00e1nica con \u00e9nfasis en Energ\u00eda y Turbom\u00e1quinas por la Universidad Sim\u00f3n Bol\u00edvar.<\/p>\n<p>A lo largo de su carrera, Erik ha desempe\u00f1ado roles de liderazgo en empresas multinacionales de renombre como Wood, Foster Wheeler, AtkinsR\u00e9alis y Aurubis, as\u00ed como en su propia firma de consultor\u00eda ATL Consult. Reconocido por su pensamiento estrat\u00e9gico, adaptabilidad y un estilo de liderazgo orientado a resultados, Erik es un activo fundamental para la Fundaci\u00f3n Arraigo, contribuyendo con su experiencia y su compromiso para lograr un impacto positivo en la comunidad hispana y en el fomento de la diversidad cultural.<\/p>\n<p><em><strong><img loading=\"lazy\" decoding=\"async\" class=\"alignnone size-full wp-image-3969\" src=\"https:\/\/arraigofoundation.org\/wp-content\/uploads\/2024\/03\/rafael.png\" alt=\"\" width=\"218\" height=\"185\" \/><\/strong><\/em><\/p>\n<p><em><strong>Professor Rafael Cartay (Collaborator)<\/strong><\/em><\/p>\n<p>Economist (Central University of Venezuela, Caracas), M.Sc. in Agricultural Economics (Postgraduate College, Chapingo, Mexico; Ibero-American Institute of Agricultural Sciences, IICA, Turrialba, Costa Rica). Ph.D. in Economics and Law of Foreign Countries (Universit\u00e9 de Paris I-Panth\u00e9on-Sorbonne, Paris). Retired Professor at the University of the Andes, M\u00e9rida, Venezuela. Professor-Researcher at the Technical University of Manab\u00ed. Professor Rafael Cartay brings invaluable expertise to the Arraigo Foundation due to his distinguished career as a historian specializing in Latin American gastronomy and culture. His international publications and ongoing commitment to research and teaching reinforce the positive impact the foundation aims to achieve in local and international communities.<\/p>\n<p><em><strong><img loading=\"lazy\" decoding=\"async\" class=\"alignnone size-full wp-image-3968\" src=\"https:\/\/arraigofoundation.org\/wp-content\/uploads\/2024\/03\/ocarina.png\" alt=\"\" width=\"218\" height=\"185\" \/><\/strong><\/em><\/p>\n<p><em><strong>Professor Ocarina Castillo (Collaborator)<\/strong><\/em><\/p>\n<p>Anthropologist, Master in Contemporary History of Venezuela, and Doctor in Political Science. Member of the Venezuelan Academy of Gastronomy, elected as a Full Member of the National Academy of History a few years ago. Founder of the Samuel Robinson program and the inter-school study project known as PCI (Interfaculty Cooperation Program), as well as the Anthropology of Flavors course at the School of Sociology of FACES. A great expert in the food anthropology of our country and other Latin American countries.<\/p>\n<p><em><strong><img loading=\"lazy\" decoding=\"async\" class=\"alignnone size-full wp-image-3968\" src=\"https:\/\/arraigofoundation.org\/wp-content\/uploads\/2024\/09\/carvallo.png\" alt=\"\" width=\"218\" height=\"185\" \/><\/strong><\/em><\/p>\n<p><em><strong>Margot Carvallo (Colaboradora)<\/strong><\/em><\/p>\n<p>Margot Carvallo, journalist and prominent member of the Arraigo Foundation, brings nearly a decade of experience in the news industry. Recognized for her work at CNN en Espa\u00f1ol and Scripps Network, Margot specializes in content creation in multicultural and intercultural environments. Her bilingual skills and expertise in digital content management ensure that her work resonates with diverse audiences and supports Arraigo's mission of enriching social diversity and celebrating Hispanic cultural heritage. Her deep commitment to promoting cultural heritage and her passion for creating impactful and culturally sensitive content make her a key asset for fundraising and the continued success of the Arraigo Foundation\u2019s projects.<\/p>\n<p><em><strong><img loading=\"lazy\" decoding=\"async\" class=\"alignnone size-full wp-image-3970\" src=\"https:\/\/arraigofoundation.org\/wp-content\/uploads\/2024\/03\/sandra.png\" alt=\"\" width=\"218\" height=\"185\" \/><\/strong><\/em><\/p>\n<p><em><strong>Sandra Krijt Berm\u00fadez (Secretary)<\/strong><\/em><\/p>\n<p>Sandra holds a Bachelor's degree in Modern Languages with a specialization in Administration and Management from the Universidad Metropolitana in Caracas, Venezuela. Her previous work experience includes serving as Executive Assistant to the General Management for several multinational companies such as Sanofi-Aventis and Revlon, as well as teaching experience in bilingual\/international schools. Sandra recently joined the University of San Diego team at their Madrid center as a Program Assistant. Having had the opportunity to live and study abroad, she cultivated a multicultural perspective that has fueled her passion for working in diverse and international environments.<\/p>\n<p><em><strong><img loading=\"lazy\" decoding=\"async\" class=\"alignnone size-full wp-image-4058\" src=\"https:\/\/arraigofoundation.org\/wp-content\/uploads\/2024\/04\/cissiv2.png\" alt=\"\" width=\"218\" height=\"185\" \/><\/strong><\/em><\/p>\n<p><em><strong>Cissi Montilla (Collaborator)<\/strong><\/em><\/p>\n<p>Cissi Montilla, with studies in Applied General French Linguistics at the Universit\u00e9 de la Franche-Comt\u00e9, France, from 1976 to 1979, is currently an Advisor on Cultural Management projects, Reading Promotion, Cultural Development, and Indicators at Educapta. With more than two decades of dedicated service, she has held prominent roles in Mexico, including Executive Secretary of Cultural Public Policies at the National Council for Culture and the Arts, General Director of Cultural Development at the Secretariat of Culture of San Luis Potos\u00ed, and Director of Artistic Education and Cultural Services at the Quer\u00e9taro Institute of Culture and the Arts. Her career, backed by solid academic training, brings specialized knowledge that significantly enriches the cultural field she addresses.<\/p>\n<p><em><strong><img loading=\"lazy\" decoding=\"async\" class=\"alignnone size-full wp-image-3967\" src=\"https:\/\/arraigofoundation.org\/wp-content\/uploads\/2024\/03\/jim.png\" alt=\"\" width=\"218\" height=\"185\" \/><\/strong><\/em><\/p>\n<p><em><strong>Chucho Rojas (Collaborator)<\/strong><\/em><\/p>\n<p>Chucho Rojas es un chef venezolano con m\u00e1s de 30 a\u00f1os de experiencia en cocina. Se form\u00f3 en la escuela Gregoire Ferrandi de Par\u00eds, donde su preocupaci\u00f3n por la salud alimentaria lo llev\u00f3 a desarrollar el proyecto \u00abViva la Cantina\u00bb para ense\u00f1ar a ni\u00f1os a cocinar y apreciar una dieta balanceada. Fue miembro del Directorio de la Fundaci\u00f3n Bengoa, reconocida internacionalmente por sus trabajos en la crisis alimentaria venezolana. Adem\u00e1s, colabor\u00f3 con Venezuela Gastron\u00f3mica para rescatar la culinaria regional y los alimentos ancestrales venezolanos. En la actualidad, es chef ejecutivo del grupo Meat And Bone, promoviendo productos proteicos de alta calidad y sostenibilidad ambiental en Estados Unidos. Su compromiso con la ense\u00f1anza lo lleva a liderar el proyecto \u00abSOY MAESTRO\u00bb, una nueva pasio\u0301n que le permite tanto ensen\u0303ar como seguir aprendiendo.<\/p>\n<div class=\"vc_row wpb_row vc_row-fluid\"><\/div>\n<div class=\"wpb_column vc_column_container vc_col-sm-12\">\n<div class=\"vc_column-inner\">\n<div class=\"wpb_wrapper\"><\/div>\n<\/div>\n<\/div>\n<div class=\"wpb_text_column wpb_content_element\" >\n<div class=\"wpb_wrapper\"><\/div><\/div>\n<p>\n<\/div><\/div><\/div><\/div><\/div><\/div><\/div><\/div><\/section>\n\n\t\t<\/div>\n\t<\/div>\n<\/div><\/div><\/div><\/div><div class=\"vc_row wpb_row vc_row-fluid\"><div class=\"wpb_column vc_column_container vc_col-sm-12\"><div class=\"vc_column-inner\"><div class=\"wpb_wrapper\"><div class=\"carousel-slider-outer carousel-slider-outer-image-carousel carousel-slider-outer-4237\" style=\"--carousel-slider-nav-color:#f1f1f1;--carousel-slider-active-nav-color:#00d1b2;--carousel-slider-arrow-size:48px;--carousel-slider-bullet-size:10px\">\n<div id=\"&#039;id-4237\" class=\"carousel-slider carousel-slider-4237 arrows-visibility-hover dots-visibility-never arrows-outside dots-center dots-circle owl-carousel\" data-slide-type=\"image-carousel\" data-owl-settings='{\"nav\":true,\"dots\":false,\"slideBy\":1,\"stagePadding\":0,\"margin\":10,\"loop\":true,\"lazyLoad\":false,\"autoplay\":true,\"autoplayTimeout\":5000,\"autoplaySpeed\":500,\"autoplayHoverPause\":true,\"autoWidth\":false,\"responsive\":{\"300\":{\"items\":1},\"576\":{\"items\":2},\"768\":{\"items\":2},\"1024\":{\"items\":3},\"1280\":{\"items\":4},\"1536\":{\"items\":5}}}'>\n<div class=\"carousel-slider__item\">\n\t<a href=\"https:\/\/abadamadterapiasnaturales.com\/proyecto-ayurveda-from-woman-2-woman-english.php\" target=\"_blank\"><img loading=\"lazy\" decoding=\"async\" width=\"218\" height=\"185\" src=\"https:\/\/arraigofoundation.org\/wp-content\/uploads\/2024\/03\/aliado-8.jpg\" class=\"attachment-full size-full\" alt=\"\" \/><\/a><\/div>\n\n<div class=\"carousel-slider__item\">\n\t<a href=\"https:\/\/www.programainternacionaldebecas.org\/quienes-somos.php\" target=\"_blank\"><img loading=\"lazy\" decoding=\"async\" width=\"218\" height=\"185\" src=\"https:\/\/arraigofoundation.org\/wp-content\/uploads\/2024\/03\/aliado-6.jpg\" class=\"attachment-full size-full\" alt=\"\" \/><\/a><\/div>\n\n<div class=\"carousel-slider__item\">\n\t<a href=\"https:\/\/yosoyneurogastronomo.com\/quienes-somos\" target=\"_blank\"><img loading=\"lazy\" decoding=\"async\" width=\"218\" height=\"185\" src=\"https:\/\/arraigofoundation.org\/wp-content\/uploads\/2024\/03\/aliado-5.jpg\" class=\"attachment-full size-full\" alt=\"\" \/><\/a><\/div>\n\n<div class=\"carousel-slider__item\">\n\t<a href=\"https:\/\/www.institutodeestudiosglobales.org\/\" target=\"_blank\"><img loading=\"lazy\" decoding=\"async\" width=\"218\" height=\"185\" src=\"https:\/\/arraigofoundation.org\/wp-content\/uploads\/2024\/03\/aliado-4.jpg\" class=\"attachment-full size-full\" alt=\"\" \/><\/a><\/div>\n\n<div class=\"carousel-slider__item\">\n\t<a href=\"https:\/\/www.studisociali.eu\/\" target=\"_blank\"><img loading=\"lazy\" decoding=\"async\" width=\"218\" height=\"185\" src=\"https:\/\/arraigofoundation.org\/wp-content\/uploads\/2024\/03\/aliado-3.jpg\" class=\"attachment-full size-full\" alt=\"\" \/><\/a><\/div>\n\n<div class=\"carousel-slider__item\">\n\t<a href=\"https:\/\/www.universidadglobal.org\/\" target=\"_blank\"><img loading=\"lazy\" decoding=\"async\" width=\"218\" height=\"185\" src=\"https:\/\/arraigofoundation.org\/wp-content\/uploads\/2024\/03\/aliado-2.jpg\" class=\"attachment-full size-full\" alt=\"\" \/><\/a><\/div>\n\n<div class=\"carousel-slider__item\">\n\t<img loading=\"lazy\" decoding=\"async\" width=\"218\" height=\"185\" src=\"https:\/\/arraigofoundation.org\/wp-content\/uploads\/2024\/03\/aliado-1.jpg\" class=\"attachment-full size-full\" alt=\"\" \/><\/a><\/div>\n\n<\/div><!-- .carousel-slider-4237 -->\n<\/div><!-- .carousel-slider-outer-4237 -->\n<\/div><\/div><\/div><\/div><div class=\"vc_row wpb_row vc_row-fluid\"><div class=\"wpb_column vc_column_container vc_col-sm-12\"><div class=\"vc_column-inner\"><div class=\"wpb_wrapper\">\n\t<div class=\"wpb_text_column wpb_content_element\" >\n\t\t<div class=\"wpb_wrapper\">\n\t\t\t<p>[\/bt_text][\/bt_column][\/bt_row][\/bt_section]<\/p>\n\n\t\t<\/div>\n\t<\/div>\n<\/div><\/div><\/div><\/div>\n<\/div>","protected":false},"excerpt":{"rendered":"<p>Arraigo Foundation represents a beacon of hope and change, actively supporting the participation and empowerment of women in the cultural sphere.<\/p>","protected":false},"author":1,"featured_media":4080,"parent":0,"menu_order":0,"comment_status":"closed","ping_status":"closed","template":"","meta":{"footnotes":""},"class_list":["post-15","page","type-page","status-publish","has-post-thumbnail","hentry"],"yoast_head":"<!-- This site is optimized with the Yoast SEO plugin v27.2 - https:\/\/yoast.com\/product\/yoast-seo-wordpress\/ -->\n<title>\u00bfQui\u00e9nes Somos? - Arraigo Group Foundation<\/title>\n<meta name=\"robots\" content=\"index, follow, max-snippet:-1, max-image-preview:large, max-video-preview:-1\" \/>\n<link rel=\"canonical\" href=\"https:\/\/arraigofoundation.org\/en\/quienes-somos\/\" \/>\n<meta property=\"og:locale\" content=\"en_US\" \/>\n<meta property=\"og:type\" content=\"article\" \/>\n<meta property=\"og:title\" content=\"\u00bfQui\u00e9nes Somos? - Arraigo Group Foundation\" \/>\n<meta property=\"og:description\" content=\"Arraigo Foundation representa ese faro de esperanza y cambio, al apoyar activamente la participaci\u00f3n y el empoderamiento de las mujeres en el \u00e1mbito cultural.\" \/>\n<meta property=\"og:url\" content=\"https:\/\/arraigofoundation.org\/en\/quienes-somos\/\" \/>\n<meta property=\"og:site_name\" content=\"Arraigo Group Foundation\" \/>\n<meta property=\"article:modified_time\" content=\"2025-02-01T16:08:55+00:00\" \/>\n<meta property=\"og:image\" content=\"https:\/\/arraigofoundation.org\/wp-content\/uploads\/2024\/04\/2.png\" \/>\n\t<meta property=\"og:image:width\" content=\"1600\" \/>\n\t<meta property=\"og:image:height\" content=\"800\" \/>\n\t<meta property=\"og:image:type\" content=\"image\/png\" \/>\n<meta name=\"twitter:card\" content=\"summary_large_image\" \/>\n<meta name=\"twitter:label1\" content=\"Est. reading time\" \/>\n\t<meta name=\"twitter:data1\" content=\"10 minutes\" \/>\n<script type=\"application\/ld+json\" class=\"yoast-schema-graph\">{\"@context\":\"https:\/\/schema.org\",\"@graph\":[{\"@type\":\"WebPage\",\"@id\":\"https:\/\/arraigofoundation.org\/quienes-somos\/\",\"url\":\"https:\/\/arraigofoundation.org\/quienes-somos\/\",\"name\":\"\u00bfQui\u00e9nes Somos? - Arraigo Group Foundation\",\"isPartOf\":{\"@id\":\"https:\/\/arraigofoundation.org\/#website\"},\"primaryImageOfPage\":{\"@id\":\"https:\/\/arraigofoundation.org\/quienes-somos\/#primaryimage\"},\"image\":{\"@id\":\"https:\/\/arraigofoundation.org\/quienes-somos\/#primaryimage\"},\"thumbnailUrl\":\"https:\/\/arraigofoundation.org\/wp-content\/uploads\/2024\/04\/2.png\",\"datePublished\":\"2024-02-28T00:00:08+00:00\",\"dateModified\":\"2025-02-01T16:08:55+00:00\",\"breadcrumb\":{\"@id\":\"https:\/\/arraigofoundation.org\/quienes-somos\/#breadcrumb\"},\"inLanguage\":\"en-US\",\"potentialAction\":[{\"@type\":\"ReadAction\",\"target\":[\"https:\/\/arraigofoundation.org\/quienes-somos\/\"]}]},{\"@type\":\"ImageObject\",\"inLanguage\":\"en-US\",\"@id\":\"https:\/\/arraigofoundation.org\/quienes-somos\/#primaryimage\",\"url\":\"https:\/\/arraigofoundation.org\/wp-content\/uploads\/2024\/04\/2.png\",\"contentUrl\":\"https:\/\/arraigofoundation.org\/wp-content\/uploads\/2024\/04\/2.png\",\"width\":1600,\"height\":800},{\"@type\":\"BreadcrumbList\",\"@id\":\"https:\/\/arraigofoundation.org\/quienes-somos\/#breadcrumb\",\"itemListElement\":[{\"@type\":\"ListItem\",\"position\":1,\"name\":\"Home\",\"item\":\"https:\/\/arraigofoundation.org\/\"},{\"@type\":\"ListItem\",\"position\":2,\"name\":\"\u00bfQui\u00e9nes Somos?\"}]},{\"@type\":\"WebSite\",\"@id\":\"https:\/\/arraigofoundation.org\/#website\",\"url\":\"https:\/\/arraigofoundation.org\/\",\"name\":\"Arraigo Group Foundation\",\"description\":\"\",\"potentialAction\":[{\"@type\":\"SearchAction\",\"target\":{\"@type\":\"EntryPoint\",\"urlTemplate\":\"https:\/\/arraigofoundation.org\/?s={search_term_string}\"},\"query-input\":{\"@type\":\"PropertyValueSpecification\",\"valueRequired\":true,\"valueName\":\"search_term_string\"}}],\"inLanguage\":\"en-US\"}]}<\/script>\n<!-- \/ Yoast SEO plugin. -->","yoast_head_json":{"title":"\u00bfQui\u00e9nes Somos? - Arraigo Group Foundation","robots":{"index":"index","follow":"follow","max-snippet":"max-snippet:-1","max-image-preview":"max-image-preview:large","max-video-preview":"max-video-preview:-1"},"canonical":"https:\/\/arraigofoundation.org\/en\/quienes-somos\/","og_locale":"en_US","og_type":"article","og_title":"\u00bfQui\u00e9nes Somos? - Arraigo Group Foundation","og_description":"Arraigo Foundation representa ese faro de esperanza y cambio, al apoyar activamente la participaci\u00f3n y el empoderamiento de las mujeres en el \u00e1mbito cultural.","og_url":"https:\/\/arraigofoundation.org\/en\/quienes-somos\/","og_site_name":"Arraigo Group Foundation","article_modified_time":"2025-02-01T16:08:55+00:00","og_image":[{"width":1600,"height":800,"url":"https:\/\/arraigofoundation.org\/wp-content\/uploads\/2024\/04\/2.png","type":"image\/png"}],"twitter_card":"summary_large_image","twitter_misc":{"Est. reading time":"10 minutes"},"schema":{"@context":"https:\/\/schema.org","@graph":[{"@type":"WebPage","@id":"https:\/\/arraigofoundation.org\/quienes-somos\/","url":"https:\/\/arraigofoundation.org\/quienes-somos\/","name":"\u00bfQui\u00e9nes Somos? - Arraigo Group Foundation","isPartOf":{"@id":"https:\/\/arraigofoundation.org\/#website"},"primaryImageOfPage":{"@id":"https:\/\/arraigofoundation.org\/quienes-somos\/#primaryimage"},"image":{"@id":"https:\/\/arraigofoundation.org\/quienes-somos\/#primaryimage"},"thumbnailUrl":"https:\/\/arraigofoundation.org\/wp-content\/uploads\/2024\/04\/2.png","datePublished":"2024-02-28T00:00:08+00:00","dateModified":"2025-02-01T16:08:55+00:00","breadcrumb":{"@id":"https:\/\/arraigofoundation.org\/quienes-somos\/#breadcrumb"},"inLanguage":"en-US","potentialAction":[{"@type":"ReadAction","target":["https:\/\/arraigofoundation.org\/quienes-somos\/"]}]},{"@type":"ImageObject","inLanguage":"en-US","@id":"https:\/\/arraigofoundation.org\/quienes-somos\/#primaryimage","url":"https:\/\/arraigofoundation.org\/wp-content\/uploads\/2024\/04\/2.png","contentUrl":"https:\/\/arraigofoundation.org\/wp-content\/uploads\/2024\/04\/2.png","width":1600,"height":800},{"@type":"BreadcrumbList","@id":"https:\/\/arraigofoundation.org\/quienes-somos\/#breadcrumb","itemListElement":[{"@type":"ListItem","position":1,"name":"Home","item":"https:\/\/arraigofoundation.org\/"},{"@type":"ListItem","position":2,"name":"\u00bfQui\u00e9nes Somos?"}]},{"@type":"WebSite","@id":"https:\/\/arraigofoundation.org\/#website","url":"https:\/\/arraigofoundation.org\/","name":"Arraigo Group Foundation","description":"","potentialAction":[{"@type":"SearchAction","target":{"@type":"EntryPoint","urlTemplate":"https:\/\/arraigofoundation.org\/?s={search_term_string}"},"query-input":{"@type":"PropertyValueSpecification","valueRequired":true,"valueName":"search_term_string"}}],"inLanguage":"en-US"}]}},"jetpack_sharing_enabled":true,"_links":{"self":[{"href":"https:\/\/arraigofoundation.org\/en\/wp-json\/wp\/v2\/pages\/15","targetHints":{"allow":["GET"]}}],"collection":[{"href":"https:\/\/arraigofoundation.org\/en\/wp-json\/wp\/v2\/pages"}],"about":[{"href":"https:\/\/arraigofoundation.org\/en\/wp-json\/wp\/v2\/types\/page"}],"author":[{"embeddable":true,"href":"https:\/\/arraigofoundation.org\/en\/wp-json\/wp\/v2\/users\/1"}],"replies":[{"embeddable":true,"href":"https:\/\/arraigofoundation.org\/en\/wp-json\/wp\/v2\/comments?post=15"}],"version-history":[{"count":0,"href":"https:\/\/arraigofoundation.org\/en\/wp-json\/wp\/v2\/pages\/15\/revisions"}],"wp:featuredmedia":[{"embeddable":true,"href":"https:\/\/arraigofoundation.org\/en\/wp-json\/wp\/v2\/media\/4080"}],"wp:attachment":[{"href":"https:\/\/arraigofoundation.org\/en\/wp-json\/wp\/v2\/media?parent=15"}],"curies":[{"name":"wp","href":"https:\/\/api.w.org\/{rel}","templated":true}]}}